{"id":2645,"date":"2026-02-16T16:50:35","date_gmt":"2026-02-16T15:50:35","guid":{"rendered":"https:\/\/organisateur-rangement.com\/?post_type=product&#038;p=2645"},"modified":"2026-02-19T11:45:08","modified_gmt":"2026-02-19T10:45:08","slug":"my-foldaway-mioor","status":"publish","type":"product","link":"https:\/\/organisateur-rangement.com\/?product=my-foldaway-mioor","title":{"rendered":"MY FOLDAWAY MIOOR"},"content":{"rendered":"<pre id=\"tw-target-text\" class=\"tw-data-text tw-text-large tw-ta\" dir=\"ltr\" role=\"text\" data-placeholder=\"Traduction\" data-ved=\"2ahUKEwiUx9zEq96SAxU1LPsDHQJ6NtcQ3ewLegQIDBAW\" aria-label=\"Texte traduit\u00a0: Caract\u00e9ristiques principales\r\n\r\n\u00c9clairage LED ultra-lumineux des deux c\u00f4t\u00e9s pour des photos parfaites\r\n\r\nVerre sans distorsion\r\n\r\nMiroir grossissant x10 (transformable)\r\n\r\nHauteur maximale de 33 cm (13 pouces), pliable pour un rangement facile\r\n\r\nOrganisateur int\u00e9gr\u00e9 pour accessoires\r\nDur\u00e9e de vie des LED\u00a0: 30\u00a0000 heures\r\n\r\nL\u00e9ger et compact, id\u00e9al pour les voyages\r\n\r\nFonctionne avec 4 piles AA (non incluses)\"><span class=\"Y2IQFc\" lang=\"fr\">\u00c9clairage LED ultra-lumineux des deux c\u00f4t\u00e9s pour des photos parfaites\r\nVerre sans distorsion\r\nMiroir grossissant x10 (transformable)\r\nHauteur maximale de 33 cm (13 pouces), pliable pour un rangement facile\r\nOrganisateur int\u00e9gr\u00e9 pour accessoires\r\nDur\u00e9e de vie des LED : 30 000 heures\r\nL\u00e9ger et compact, id\u00e9al pour les voyages\r\nFonctionne avec 4 piles AA (non incluses)<\/span><\/pre>\n","protected":false},"excerpt":{"rendered":"<p>\u00c9clairage LED ultra-lumineux des deux c\u00f4t\u00e9s pour des photos parfaites Verre sans distorsion Miroir grossissant x10 (transformable) Hauteur maximale de 33 cm (13 pouces), pliable pour un rangement facile Organisateur int\u00e9gr\u00e9 pour accessoires Dur\u00e9e de vie des LED : 30 000 heures L\u00e9ger et compact, id\u00e9al pour les voyages Fonctionne avec 4 piles AA (non [&hellip;]<\/p>\n","protected":false},"featured_media":2646,"comment_status":"open","ping_status":"closed","template":"","meta":{"om_disable_all_campaigns":false,"_monsterinsights_skip_tracking":false,"_monsterinsights_sitenote_active":false,"_monsterinsights_sitenote_note":"","_monsterinsights_sitenote_category":0,"_uf_show_specific_survey":0,"_uf_disable_surveys":false,"site-sidebar-layout":"default","site-content-layout":"","ast-site-content-layout":"default","site-content-style":"default","site-sidebar-style":"default","ast-global-header-display":"","ast-banner-title-visibility":"","ast-main-header-display":"","ast-hfb-above-header-display":"","ast-hfb-below-header-display":"","ast-hfb-mobile-header-display":"","site-post-title":"","ast-breadcrumbs-content":"","ast-featured-img":"","footer-sml-layout":"","theme-transparent-header-meta":"default","adv-header-id-meta":"","stick-header-meta":"","header-above-stick-meta":"","header-main-stick-meta":"","header-below-stick-meta":"","astra-migrate-meta-layouts":"set","ast-page-background-enabled":"default","ast-page-background-meta":{"desktop":{"background-color":"","background-image":"","background-repeat":"repeat","background-position":"center center","background-size":"auto","background-attachment":"scroll","background-type":"","background-media":"","overlay-type":"","overlay-color":"","overlay-opacity":"","overlay-gradient":""},"tablet":{"background-color":"","background-image":"","background-repeat":"repeat","background-position":"center center","background-size":"auto","background-attachment":"scroll","background-type":"","background-media":"","overlay-type":"","overlay-color":"","overlay-opacity":"","overlay-gradient":""},"mobile":{"background-color":"","background-image":"","background-repeat":"repeat","background-position":"center center","background-size":"auto","background-attachment":"scroll","background-type":"","background-media":"","overlay-type":"","overlay-color":"","overlay-opacity":"","overlay-gradient":""}},"ast-content-background-meta":{"desktop":{"background-color":"var(--ast-global-color-5)","background-image":"","background-repeat":"repeat","background-position":"center center","background-size":"auto","background-attachment":"scroll","background-type":"","background-media":"","overlay-type":"","overlay-color":"","overlay-opacity":"","overlay-gradient":""},"tablet":{"background-color":"var(--ast-global-color-5)","background-image":"","background-repeat":"repeat","background-position":"center center","background-size":"auto","background-attachment":"scroll","background-type":"","background-media":"","overlay-type":"","overlay-color":"","overlay-opacity":"","overlay-gradient":""},"mobile":{"background-color":"var(--ast-global-color-5)","background-image":"","background-repeat":"repeat","background-position":"center center","background-size":"auto","background-attachment":"scroll","background-type":"","background-media":"","overlay-type":"","overlay-color":"","overlay-opacity":"","overlay-gradient":""}}},"product_brand":[],"product_cat":[25],"product_tag":[],"class_list":{"0":"post-2645","1":"product","2":"type-product","3":"status-publish","4":"has-post-thumbnail","6":"product_cat-organisateur-maquillage","7":"desktop-align-center","8":"tablet-align-center","9":"mobile-align-center","11":"first","12":"instock","13":"shipping-taxable","14":"purchasable","15":"product-type-simple"},"yoast_head":"<!-- This site is optimized with the Yoast SEO plugin v27.5 - https:\/\/yoast.com\/product\/yoast-seo-wordpress\/ -->\n<title>MY FOLDAWAY MIOOR - Organisateur &amp; Rangement<\/title>\n<meta name=\"robots\" content=\"index, follow, max-snippet:-1, max-image-preview:large, max-video-preview:-1\" \/>\n<link rel=\"canonical\" href=\"https:\/\/organisateur-rangement.com\/?product=my-foldaway-mioor\" \/>\n<meta property=\"og:locale\" content=\"fr_FR\" \/>\n<meta property=\"og:type\" content=\"article\" \/>\n<meta property=\"og:title\" content=\"MY FOLDAWAY MIOOR - Organisateur &amp; Rangement\" \/>\n<meta property=\"og:description\" content=\"\u00c9clairage LED ultra-lumineux des deux c\u00f4t\u00e9s pour des photos parfaites Verre sans distorsion Miroir grossissant x10 (transformable) Hauteur maximale de 33 cm (13 pouces), pliable pour un rangement facile Organisateur int\u00e9gr\u00e9 pour accessoires Dur\u00e9e de vie des LED : 30 000 heures L\u00e9ger et compact, id\u00e9al pour les voyages Fonctionne avec 4 piles AA (non [&hellip;]\" \/>\n<meta property=\"og:url\" content=\"https:\/\/organisateur-rangement.com\/?product=my-foldaway-mioor\" \/>\n<meta property=\"og:site_name\" content=\"Organisateur &amp; Rangement\" \/>\n<meta property=\"article:modified_time\" content=\"2026-02-19T10:45:08+00:00\" \/>\n<meta name=\"twitter:card\" content=\"summary_large_image\" \/>\n<meta name=\"twitter:label1\" content=\"Dur\u00e9e de lecture estim\u00e9e\" \/>\n\t<meta name=\"twitter:data1\" content=\"1 minute\" \/>\n<script type=\"application\/ld+json\" class=\"yoast-schema-graph\">{\"@context\":\"https:\\\/\\\/schema.org\",\"@graph\":[{\"@type\":\"WebPage\",\"@id\":\"https:\\\/\\\/organisateur-rangement.com\\\/?product=my-foldaway-mioor\",\"url\":\"https:\\\/\\\/organisateur-rangement.com\\\/?product=my-foldaway-mioor\",\"name\":\"MY FOLDAWAY MIOOR - Organisateur &amp; Rangement\",\"isPartOf\":{\"@id\":\"https:\\\/\\\/organisateur-rangement.com\\\/#website\"},\"primaryImageOfPage\":{\"@id\":\"https:\\\/\\\/organisateur-rangement.com\\\/?product=my-foldaway-mioor#primaryimage\"},\"image\":{\"@id\":\"https:\\\/\\\/organisateur-rangement.com\\\/?product=my-foldaway-mioor#primaryimage\"},\"thumbnailUrl\":\"https:\\\/\\\/organisateur-rangement.com\\\/wp-content\\\/uploads\\\/2026\\\/02\\\/My-Fold-Away-Mirror-The-Lighted-Double-Sided-Vanity-Makeup-Mirror-As-Seen-on-TV_cdf123f4-a3d9-4ce2-8c5c-dccec823f4dc.e9dd085aae3eefa156992b00173f2b03.avif\",\"datePublished\":\"2026-02-16T15:50:35+00:00\",\"dateModified\":\"2026-02-19T10:45:08+00:00\",\"breadcrumb\":{\"@id\":\"https:\\\/\\\/organisateur-rangement.com\\\/?product=my-foldaway-mioor#breadcrumb\"},\"inLanguage\":\"fr-FR\",\"potentialAction\":[{\"@type\":\"ReadAction\",\"target\":[\"https:\\\/\\\/organisateur-rangement.com\\\/?product=my-foldaway-mioor\"]}]},{\"@type\":\"ImageObject\",\"inLanguage\":\"fr-FR\",\"@id\":\"https:\\\/\\\/organisateur-rangement.com\\\/?product=my-foldaway-mioor#primaryimage\",\"url\":\"https:\\\/\\\/organisateur-rangement.com\\\/wp-content\\\/uploads\\\/2026\\\/02\\\/My-Fold-Away-Mirror-The-Lighted-Double-Sided-Vanity-Makeup-Mirror-As-Seen-on-TV_cdf123f4-a3d9-4ce2-8c5c-dccec823f4dc.e9dd085aae3eefa156992b00173f2b03.avif\",\"contentUrl\":\"https:\\\/\\\/organisateur-rangement.com\\\/wp-content\\\/uploads\\\/2026\\\/02\\\/My-Fold-Away-Mirror-The-Lighted-Double-Sided-Vanity-Makeup-Mirror-As-Seen-on-TV_cdf123f4-a3d9-4ce2-8c5c-dccec823f4dc.e9dd085aae3eefa156992b00173f2b03.avif\",\"width\":2000,\"height\":2000},{\"@type\":\"BreadcrumbList\",\"@id\":\"https:\\\/\\\/organisateur-rangement.com\\\/?product=my-foldaway-mioor#breadcrumb\",\"itemListElement\":[{\"@type\":\"ListItem\",\"position\":1,\"name\":\"Accueil\",\"item\":\"https:\\\/\\\/organisateur-rangement.com\\\/\"},{\"@type\":\"ListItem\",\"position\":2,\"name\":\"Shop\",\"item\":\"https:\\\/\\\/organisateur-rangement.com\\\/?page_id=401\"},{\"@type\":\"ListItem\",\"position\":3,\"name\":\"MY FOLDAWAY MIOOR\"}]},{\"@type\":\"WebSite\",\"@id\":\"https:\\\/\\\/organisateur-rangement.com\\\/#website\",\"url\":\"https:\\\/\\\/organisateur-rangement.com\\\/\",\"name\":\"Organisateur & Rangement\",\"description\":\"\",\"publisher\":{\"@id\":\"https:\\\/\\\/organisateur-rangement.com\\\/#organization\"},\"potentialAction\":[{\"@type\":\"SearchAction\",\"target\":{\"@type\":\"EntryPoint\",\"urlTemplate\":\"https:\\\/\\\/organisateur-rangement.com\\\/?s={search_term_string}\"},\"query-input\":{\"@type\":\"PropertyValueSpecification\",\"valueRequired\":true,\"valueName\":\"search_term_string\"}}],\"inLanguage\":\"fr-FR\"},{\"@type\":\"Organization\",\"@id\":\"https:\\\/\\\/organisateur-rangement.com\\\/#organization\",\"name\":\"Organisateur & Rangement\",\"url\":\"https:\\\/\\\/organisateur-rangement.com\\\/\",\"logo\":{\"@type\":\"ImageObject\",\"inLanguage\":\"fr-FR\",\"@id\":\"https:\\\/\\\/organisateur-rangement.com\\\/#\\\/schema\\\/logo\\\/image\\\/\",\"url\":\"https:\\\/\\\/organisateur-rangement.com\\\/wp-content\\\/uploads\\\/2023\\\/06\\\/Black-White-Handwritten-Typography-Logo1-1.png\",\"contentUrl\":\"https:\\\/\\\/organisateur-rangement.com\\\/wp-content\\\/uploads\\\/2023\\\/06\\\/Black-White-Handwritten-Typography-Logo1-1.png\",\"width\":455,\"height\":128,\"caption\":\"Organisateur & Rangement\"},\"image\":{\"@id\":\"https:\\\/\\\/organisateur-rangement.com\\\/#\\\/schema\\\/logo\\\/image\\\/\"}}]}<\/script>\n<!-- \/ Yoast SEO plugin. -->","yoast_head_json":{"title":"MY FOLDAWAY MIOOR - Organisateur &amp; Rangement","robots":{"index":"index","follow":"follow","max-snippet":"max-snippet:-1","max-image-preview":"max-image-preview:large","max-video-preview":"max-video-preview:-1"},"canonical":"https:\/\/organisateur-rangement.com\/?product=my-foldaway-mioor","og_locale":"fr_FR","og_type":"article","og_title":"MY FOLDAWAY MIOOR - Organisateur &amp; Rangement","og_description":"\u00c9clairage LED ultra-lumineux des deux c\u00f4t\u00e9s pour des photos parfaites Verre sans distorsion Miroir grossissant x10 (transformable) Hauteur maximale de 33 cm (13 pouces), pliable pour un rangement facile Organisateur int\u00e9gr\u00e9 pour accessoires Dur\u00e9e de vie des LED : 30 000 heures L\u00e9ger et compact, id\u00e9al pour les voyages Fonctionne avec 4 piles AA (non [&hellip;]","og_url":"https:\/\/organisateur-rangement.com\/?product=my-foldaway-mioor","og_site_name":"Organisateur &amp; Rangement","article_modified_time":"2026-02-19T10:45:08+00:00","twitter_card":"summary_large_image","twitter_misc":{"Dur\u00e9e de lecture estim\u00e9e":"1 minute"},"schema":{"@context":"https:\/\/schema.org","@graph":[{"@type":"WebPage","@id":"https:\/\/organisateur-rangement.com\/?product=my-foldaway-mioor","url":"https:\/\/organisateur-rangement.com\/?product=my-foldaway-mioor","name":"MY FOLDAWAY MIOOR - Organisateur &amp; Rangement","isPartOf":{"@id":"https:\/\/organisateur-rangement.com\/#website"},"primaryImageOfPage":{"@id":"https:\/\/organisateur-rangement.com\/?product=my-foldaway-mioor#primaryimage"},"image":{"@id":"https:\/\/organisateur-rangement.com\/?product=my-foldaway-mioor#primaryimage"},"thumbnailUrl":"https:\/\/organisateur-rangement.com\/wp-content\/uploads\/2026\/02\/My-Fold-Away-Mirror-The-Lighted-Double-Sided-Vanity-Makeup-Mirror-As-Seen-on-TV_cdf123f4-a3d9-4ce2-8c5c-dccec823f4dc.e9dd085aae3eefa156992b00173f2b03.avif","datePublished":"2026-02-16T15:50:35+00:00","dateModified":"2026-02-19T10:45:08+00:00","breadcrumb":{"@id":"https:\/\/organisateur-rangement.com\/?product=my-foldaway-mioor#breadcrumb"},"inLanguage":"fr-FR","potentialAction":[{"@type":"ReadAction","target":["https:\/\/organisateur-rangement.com\/?product=my-foldaway-mioor"]}]},{"@type":"ImageObject","inLanguage":"fr-FR","@id":"https:\/\/organisateur-rangement.com\/?product=my-foldaway-mioor#primaryimage","url":"https:\/\/organisateur-rangement.com\/wp-content\/uploads\/2026\/02\/My-Fold-Away-Mirror-The-Lighted-Double-Sided-Vanity-Makeup-Mirror-As-Seen-on-TV_cdf123f4-a3d9-4ce2-8c5c-dccec823f4dc.e9dd085aae3eefa156992b00173f2b03.avif","contentUrl":"https:\/\/organisateur-rangement.com\/wp-content\/uploads\/2026\/02\/My-Fold-Away-Mirror-The-Lighted-Double-Sided-Vanity-Makeup-Mirror-As-Seen-on-TV_cdf123f4-a3d9-4ce2-8c5c-dccec823f4dc.e9dd085aae3eefa156992b00173f2b03.avif","width":2000,"height":2000},{"@type":"BreadcrumbList","@id":"https:\/\/organisateur-rangement.com\/?product=my-foldaway-mioor#breadcrumb","itemListElement":[{"@type":"ListItem","position":1,"name":"Accueil","item":"https:\/\/organisateur-rangement.com\/"},{"@type":"ListItem","position":2,"name":"Shop","item":"https:\/\/organisateur-rangement.com\/?page_id=401"},{"@type":"ListItem","position":3,"name":"MY FOLDAWAY MIOOR"}]},{"@type":"WebSite","@id":"https:\/\/organisateur-rangement.com\/#website","url":"https:\/\/organisateur-rangement.com\/","name":"Organisateur & Rangement","description":"","publisher":{"@id":"https:\/\/organisateur-rangement.com\/#organization"},"potentialAction":[{"@type":"SearchAction","target":{"@type":"EntryPoint","urlTemplate":"https:\/\/organisateur-rangement.com\/?s={search_term_string}"},"query-input":{"@type":"PropertyValueSpecification","valueRequired":true,"valueName":"search_term_string"}}],"inLanguage":"fr-FR"},{"@type":"Organization","@id":"https:\/\/organisateur-rangement.com\/#organization","name":"Organisateur & Rangement","url":"https:\/\/organisateur-rangement.com\/","logo":{"@type":"ImageObject","inLanguage":"fr-FR","@id":"https:\/\/organisateur-rangement.com\/#\/schema\/logo\/image\/","url":"https:\/\/organisateur-rangement.com\/wp-content\/uploads\/2023\/06\/Black-White-Handwritten-Typography-Logo1-1.png","contentUrl":"https:\/\/organisateur-rangement.com\/wp-content\/uploads\/2023\/06\/Black-White-Handwritten-Typography-Logo1-1.png","width":455,"height":128,"caption":"Organisateur & Rangement"},"image":{"@id":"https:\/\/organisateur-rangement.com\/#\/schema\/logo\/image\/"}}]}},"_links":{"self":[{"href":"https:\/\/organisateur-rangement.com\/index.php?rest_route=\/wp\/v2\/product\/2645","targetHints":{"allow":["GET"]}}],"collection":[{"href":"https:\/\/organisateur-rangement.com\/index.php?rest_route=\/wp\/v2\/product"}],"about":[{"href":"https:\/\/organisateur-rangement.com\/index.php?rest_route=\/wp\/v2\/types\/product"}],"replies":[{"embeddable":true,"href":"https:\/\/organisateur-rangement.com\/index.php?rest_route=%2Fwp%2Fv2%2Fcomments&post=2645"}],"wp:featuredmedia":[{"embeddable":true,"href":"https:\/\/organisateur-rangement.com\/index.php?rest_route=\/wp\/v2\/media\/2646"}],"wp:attachment":[{"href":"https:\/\/organisateur-rangement.com\/index.php?rest_route=%2Fwp%2Fv2%2Fmedia&parent=2645"}],"wp:term":[{"taxonomy":"product_brand","embeddable":true,"href":"https:\/\/organisateur-rangement.com\/index.php?rest_route=%2Fwp%2Fv2%2Fproduct_brand&post=2645"},{"taxonomy":"product_cat","embeddable":true,"href":"https:\/\/organisateur-rangement.com\/index.php?rest_route=%2Fwp%2Fv2%2Fproduct_cat&post=2645"},{"taxonomy":"product_tag","embeddable":true,"href":"https:\/\/organisateur-rangement.com\/index.php?rest_route=%2Fwp%2Fv2%2Fproduct_tag&post=2645"}],"curies":[{"name":"wp","href":"https:\/\/api.w.org\/{rel}","templated":true}]}}