{"id":2529,"date":"2023-06-23T15:33:03","date_gmt":"2023-06-23T13:33:03","guid":{"rendered":"http:\/\/organisateur-rangement.com\/?post_type=product&#038;p=2529"},"modified":"2023-06-23T15:37:52","modified_gmt":"2023-06-23T13:37:52","slug":"spicy-shelf-patented-stackable-organizer","status":"publish","type":"product","link":"https:\/\/organisateur-rangement.com\/?product=spicy-shelf-patented-stackable-organizer","title":{"rendered":"Spicy Shelf Patented Stackable Organizer"},"content":{"rendered":"<div class=\"markup -pam\">\n<ul>\n<li>Transforme le rangement de vos \u00e9pices.<\/li>\n<li>S&rsquo;installe en un clin d&rsquo;\u0153il<\/li>\n<li>Aucun outil n\u00e9cessaire.<\/li>\n<li>Enti\u00e8rement r\u00e9glable pour s&rsquo;adapter \u00e0 diff\u00e9rentes tailles<\/li>\n<li>Chaque \u00e9tag\u00e8re \u00e0 \u00e9pices peut \u00eatre ajust\u00e9e<\/li>\n<li>De 19\u00a0cm jusqu&rsquo;\u00e0 41,5\u00a0cm de large.<\/li>\n<li>profondeur de la tablette est de 26 SPICY SHELF \u0623\u0631\u0641\u0641 \u0642\u0627\u0628\u0644\u0629 \u0644\u0644\u062a\u062e\u0632\u064a\u0646 \u0644\u062a\u062e\u0632\u064a\u0646 \u0627\u0644\u0631\u0641\u0648\u0641cm.<\/li>\n<\/ul>\n<\/div>\n","protected":false},"excerpt":{"rendered":"<p>Cette \u00e9tag\u00e8re \u00e0 \u00e9pices transforme le rangement de vos \u00e9pices. S&rsquo;installe en un clin d&rsquo;\u0153il &#8211; Aucun outil n\u00e9cessaire. Enti\u00e8rement r\u00e9glable pour s&rsquo;adapter \u00e0 diff\u00e9rentes tailles. Chaque \u00e9tag\u00e8re \u00e0 \u00e9pices peut \u00eatre ajust\u00e9e, de 19 cm jusqu&rsquo;\u00e0 41,5 cm de large. La profondeur de la tablette est de 26 cm. Pensez \u00e0 v\u00e9rifier les dimensions de votre placard avant de passer commande.<\/p>\n","protected":false},"featured_media":2530,"comment_status":"open","ping_status":"closed","template":"","meta":{"om_disable_all_campaigns":false,"_monsterinsights_skip_tracking":false,"_monsterinsights_sitenote_active":false,"_monsterinsights_sitenote_note":"","_monsterinsights_sitenote_category":0,"_uf_show_specific_survey":0,"_uf_disable_surveys":false,"site-sidebar-layout":"default","site-content-layout":"default","ast-site-content-layout":"","site-content-style":"default","site-sidebar-style":"default","ast-global-header-display":"","ast-banner-title-visibility":"","ast-main-header-display":"","ast-hfb-above-header-display":"","ast-hfb-below-header-display":"","ast-hfb-mobile-header-display":"","site-post-title":"","ast-breadcrumbs-content":"","ast-featured-img":"","footer-sml-layout":"","theme-transparent-header-meta":"default","adv-header-id-meta":"","stick-header-meta":"","header-above-stick-meta":"","header-main-stick-meta":"","header-below-stick-meta":"","astra-migrate-meta-layouts":"default","ast-page-background-enabled":"default","ast-page-background-meta":{"desktop":{"background-color":"","background-image":"","background-repeat":"repeat","background-position":"center center","background-size":"auto","background-attachment":"scroll","background-type":"","background-media":"","overlay-type":"","overlay-color":"","overlay-opacity":"","overlay-gradient":""},"tablet":{"background-color":"","background-image":"","background-repeat":"repeat","background-position":"center center","background-size":"auto","background-attachment":"scroll","background-type":"","background-media":"","overlay-type":"","overlay-color":"","overlay-opacity":"","overlay-gradient":""},"mobile":{"background-color":"","background-image":"","background-repeat":"repeat","background-position":"center center","background-size":"auto","background-attachment":"scroll","background-type":"","background-media":"","overlay-type":"","overlay-color":"","overlay-opacity":"","overlay-gradient":""}},"ast-content-background-meta":{"desktop":{"background-color":"var(--ast-global-color-5)","background-image":"","background-repeat":"repeat","background-position":"center center","background-size":"auto","background-attachment":"scroll","background-type":"","background-media":"","overlay-type":"","overlay-color":"","overlay-opacity":"","overlay-gradient":""},"tablet":{"background-color":"var(--ast-global-color-5)","background-image":"","background-repeat":"repeat","background-position":"center center","background-size":"auto","background-attachment":"scroll","background-type":"","background-media":"","overlay-type":"","overlay-color":"","overlay-opacity":"","overlay-gradient":""},"mobile":{"background-color":"var(--ast-global-color-5)","background-image":"","background-repeat":"repeat","background-position":"center center","background-size":"auto","background-attachment":"scroll","background-type":"","background-media":"","overlay-type":"","overlay-color":"","overlay-opacity":"","overlay-gradient":""}}},"product_brand":[],"product_cat":[27],"product_tag":[],"class_list":{"0":"post-2529","1":"product","2":"type-product","3":"status-publish","4":"has-post-thumbnail","6":"product_cat-rangement-maison","7":"desktop-align-center","8":"tablet-align-center","9":"mobile-align-center","11":"first","12":"instock","13":"shipping-taxable","14":"purchasable","15":"product-type-simple"},"yoast_head":"<!-- This site is optimized with the Yoast SEO plugin v27.5 - https:\/\/yoast.com\/product\/yoast-seo-wordpress\/ -->\n<title>Spicy Shelf Patented Stackable Organizer - Organisateur &amp; Rangement<\/title>\n<meta name=\"robots\" content=\"index, follow, max-snippet:-1, max-image-preview:large, max-video-preview:-1\" \/>\n<link rel=\"canonical\" href=\"https:\/\/organisateur-rangement.com\/?product=spicy-shelf-patented-stackable-organizer\" \/>\n<meta property=\"og:locale\" content=\"fr_FR\" \/>\n<meta property=\"og:type\" content=\"article\" \/>\n<meta property=\"og:title\" content=\"Spicy Shelf Patented Stackable Organizer - Organisateur &amp; Rangement\" \/>\n<meta property=\"og:description\" content=\"Cette \u00e9tag\u00e8re \u00e0 \u00e9pices transforme le rangement de vos \u00e9pices. S&#039;installe en un clin d&#039;\u0153il - Aucun outil n\u00e9cessaire. Enti\u00e8rement r\u00e9glable pour s&#039;adapter \u00e0 diff\u00e9rentes tailles. Chaque \u00e9tag\u00e8re \u00e0 \u00e9pices peut \u00eatre ajust\u00e9e, de 19 cm jusqu&#039;\u00e0 41,5 cm de large. La profondeur de la tablette est de 26 cm. Pensez \u00e0 v\u00e9rifier les dimensions de votre placard avant de passer commande.\" \/>\n<meta property=\"og:url\" content=\"https:\/\/organisateur-rangement.com\/?product=spicy-shelf-patented-stackable-organizer\" \/>\n<meta property=\"og:site_name\" content=\"Organisateur &amp; Rangement\" \/>\n<meta property=\"article:modified_time\" content=\"2023-06-23T13:37:52+00:00\" \/>\n<meta property=\"og:image\" content=\"https:\/\/organisateur-rangement.com\/wp-content\/uploads\/2023\/06\/sp.jpg\" \/>\n\t<meta property=\"og:image:width\" content=\"680\" \/>\n\t<meta property=\"og:image:height\" content=\"680\" \/>\n\t<meta property=\"og:image:type\" content=\"image\/jpeg\" \/>\n<meta name=\"twitter:card\" content=\"summary_large_image\" \/>\n<script type=\"application\/ld+json\" class=\"yoast-schema-graph\">{\"@context\":\"https:\\\/\\\/schema.org\",\"@graph\":[{\"@type\":\"WebPage\",\"@id\":\"https:\\\/\\\/organisateur-rangement.com\\\/?product=spicy-shelf-patented-stackable-organizer\",\"url\":\"https:\\\/\\\/organisateur-rangement.com\\\/?product=spicy-shelf-patented-stackable-organizer\",\"name\":\"Spicy Shelf Patented Stackable Organizer - Organisateur &amp; Rangement\",\"isPartOf\":{\"@id\":\"https:\\\/\\\/organisateur-rangement.com\\\/#website\"},\"primaryImageOfPage\":{\"@id\":\"https:\\\/\\\/organisateur-rangement.com\\\/?product=spicy-shelf-patented-stackable-organizer#primaryimage\"},\"image\":{\"@id\":\"https:\\\/\\\/organisateur-rangement.com\\\/?product=spicy-shelf-patented-stackable-organizer#primaryimage\"},\"thumbnailUrl\":\"https:\\\/\\\/organisateur-rangement.com\\\/wp-content\\\/uploads\\\/2023\\\/06\\\/sp.jpg\",\"datePublished\":\"2023-06-23T13:33:03+00:00\",\"dateModified\":\"2023-06-23T13:37:52+00:00\",\"breadcrumb\":{\"@id\":\"https:\\\/\\\/organisateur-rangement.com\\\/?product=spicy-shelf-patented-stackable-organizer#breadcrumb\"},\"inLanguage\":\"fr-FR\",\"potentialAction\":[{\"@type\":\"ReadAction\",\"target\":[\"https:\\\/\\\/organisateur-rangement.com\\\/?product=spicy-shelf-patented-stackable-organizer\"]}]},{\"@type\":\"ImageObject\",\"inLanguage\":\"fr-FR\",\"@id\":\"https:\\\/\\\/organisateur-rangement.com\\\/?product=spicy-shelf-patented-stackable-organizer#primaryimage\",\"url\":\"https:\\\/\\\/organisateur-rangement.com\\\/wp-content\\\/uploads\\\/2023\\\/06\\\/sp.jpg\",\"contentUrl\":\"https:\\\/\\\/organisateur-rangement.com\\\/wp-content\\\/uploads\\\/2023\\\/06\\\/sp.jpg\",\"width\":680,\"height\":680},{\"@type\":\"BreadcrumbList\",\"@id\":\"https:\\\/\\\/organisateur-rangement.com\\\/?product=spicy-shelf-patented-stackable-organizer#breadcrumb\",\"itemListElement\":[{\"@type\":\"ListItem\",\"position\":1,\"name\":\"Accueil\",\"item\":\"https:\\\/\\\/organisateur-rangement.com\\\/\"},{\"@type\":\"ListItem\",\"position\":2,\"name\":\"Shop\",\"item\":\"https:\\\/\\\/organisateur-rangement.com\\\/?page_id=401\"},{\"@type\":\"ListItem\",\"position\":3,\"name\":\"Spicy Shelf Patented Stackable Organizer\"}]},{\"@type\":\"WebSite\",\"@id\":\"https:\\\/\\\/organisateur-rangement.com\\\/#website\",\"url\":\"https:\\\/\\\/organisateur-rangement.com\\\/\",\"name\":\"Organisateur & Rangement\",\"description\":\"\",\"publisher\":{\"@id\":\"https:\\\/\\\/organisateur-rangement.com\\\/#organization\"},\"potentialAction\":[{\"@type\":\"SearchAction\",\"target\":{\"@type\":\"EntryPoint\",\"urlTemplate\":\"https:\\\/\\\/organisateur-rangement.com\\\/?s={search_term_string}\"},\"query-input\":{\"@type\":\"PropertyValueSpecification\",\"valueRequired\":true,\"valueName\":\"search_term_string\"}}],\"inLanguage\":\"fr-FR\"},{\"@type\":\"Organization\",\"@id\":\"https:\\\/\\\/organisateur-rangement.com\\\/#organization\",\"name\":\"Organisateur & Rangement\",\"url\":\"https:\\\/\\\/organisateur-rangement.com\\\/\",\"logo\":{\"@type\":\"ImageObject\",\"inLanguage\":\"fr-FR\",\"@id\":\"https:\\\/\\\/organisateur-rangement.com\\\/#\\\/schema\\\/logo\\\/image\\\/\",\"url\":\"https:\\\/\\\/organisateur-rangement.com\\\/wp-content\\\/uploads\\\/2023\\\/06\\\/Black-White-Handwritten-Typography-Logo1-1.png\",\"contentUrl\":\"https:\\\/\\\/organisateur-rangement.com\\\/wp-content\\\/uploads\\\/2023\\\/06\\\/Black-White-Handwritten-Typography-Logo1-1.png\",\"width\":455,\"height\":128,\"caption\":\"Organisateur & Rangement\"},\"image\":{\"@id\":\"https:\\\/\\\/organisateur-rangement.com\\\/#\\\/schema\\\/logo\\\/image\\\/\"}}]}<\/script>\n<!-- \/ Yoast SEO plugin. -->","yoast_head_json":{"title":"Spicy Shelf Patented Stackable Organizer - Organisateur &amp; Rangement","robots":{"index":"index","follow":"follow","max-snippet":"max-snippet:-1","max-image-preview":"max-image-preview:large","max-video-preview":"max-video-preview:-1"},"canonical":"https:\/\/organisateur-rangement.com\/?product=spicy-shelf-patented-stackable-organizer","og_locale":"fr_FR","og_type":"article","og_title":"Spicy Shelf Patented Stackable Organizer - Organisateur &amp; Rangement","og_description":"Cette \u00e9tag\u00e8re \u00e0 \u00e9pices transforme le rangement de vos \u00e9pices. S'installe en un clin d'\u0153il - Aucun outil n\u00e9cessaire. Enti\u00e8rement r\u00e9glable pour s'adapter \u00e0 diff\u00e9rentes tailles. Chaque \u00e9tag\u00e8re \u00e0 \u00e9pices peut \u00eatre ajust\u00e9e, de 19 cm jusqu'\u00e0 41,5 cm de large. La profondeur de la tablette est de 26 cm. Pensez \u00e0 v\u00e9rifier les dimensions de votre placard avant de passer commande.","og_url":"https:\/\/organisateur-rangement.com\/?product=spicy-shelf-patented-stackable-organizer","og_site_name":"Organisateur &amp; Rangement","article_modified_time":"2023-06-23T13:37:52+00:00","og_image":[{"width":680,"height":680,"url":"https:\/\/organisateur-rangement.com\/wp-content\/uploads\/2023\/06\/sp.jpg","type":"image\/jpeg"}],"twitter_card":"summary_large_image","schema":{"@context":"https:\/\/schema.org","@graph":[{"@type":"WebPage","@id":"https:\/\/organisateur-rangement.com\/?product=spicy-shelf-patented-stackable-organizer","url":"https:\/\/organisateur-rangement.com\/?product=spicy-shelf-patented-stackable-organizer","name":"Spicy Shelf Patented Stackable Organizer - Organisateur &amp; Rangement","isPartOf":{"@id":"https:\/\/organisateur-rangement.com\/#website"},"primaryImageOfPage":{"@id":"https:\/\/organisateur-rangement.com\/?product=spicy-shelf-patented-stackable-organizer#primaryimage"},"image":{"@id":"https:\/\/organisateur-rangement.com\/?product=spicy-shelf-patented-stackable-organizer#primaryimage"},"thumbnailUrl":"https:\/\/organisateur-rangement.com\/wp-content\/uploads\/2023\/06\/sp.jpg","datePublished":"2023-06-23T13:33:03+00:00","dateModified":"2023-06-23T13:37:52+00:00","breadcrumb":{"@id":"https:\/\/organisateur-rangement.com\/?product=spicy-shelf-patented-stackable-organizer#breadcrumb"},"inLanguage":"fr-FR","potentialAction":[{"@type":"ReadAction","target":["https:\/\/organisateur-rangement.com\/?product=spicy-shelf-patented-stackable-organizer"]}]},{"@type":"ImageObject","inLanguage":"fr-FR","@id":"https:\/\/organisateur-rangement.com\/?product=spicy-shelf-patented-stackable-organizer#primaryimage","url":"https:\/\/organisateur-rangement.com\/wp-content\/uploads\/2023\/06\/sp.jpg","contentUrl":"https:\/\/organisateur-rangement.com\/wp-content\/uploads\/2023\/06\/sp.jpg","width":680,"height":680},{"@type":"BreadcrumbList","@id":"https:\/\/organisateur-rangement.com\/?product=spicy-shelf-patented-stackable-organizer#breadcrumb","itemListElement":[{"@type":"ListItem","position":1,"name":"Accueil","item":"https:\/\/organisateur-rangement.com\/"},{"@type":"ListItem","position":2,"name":"Shop","item":"https:\/\/organisateur-rangement.com\/?page_id=401"},{"@type":"ListItem","position":3,"name":"Spicy Shelf Patented Stackable Organizer"}]},{"@type":"WebSite","@id":"https:\/\/organisateur-rangement.com\/#website","url":"https:\/\/organisateur-rangement.com\/","name":"Organisateur & Rangement","description":"","publisher":{"@id":"https:\/\/organisateur-rangement.com\/#organization"},"potentialAction":[{"@type":"SearchAction","target":{"@type":"EntryPoint","urlTemplate":"https:\/\/organisateur-rangement.com\/?s={search_term_string}"},"query-input":{"@type":"PropertyValueSpecification","valueRequired":true,"valueName":"search_term_string"}}],"inLanguage":"fr-FR"},{"@type":"Organization","@id":"https:\/\/organisateur-rangement.com\/#organization","name":"Organisateur & Rangement","url":"https:\/\/organisateur-rangement.com\/","logo":{"@type":"ImageObject","inLanguage":"fr-FR","@id":"https:\/\/organisateur-rangement.com\/#\/schema\/logo\/image\/","url":"https:\/\/organisateur-rangement.com\/wp-content\/uploads\/2023\/06\/Black-White-Handwritten-Typography-Logo1-1.png","contentUrl":"https:\/\/organisateur-rangement.com\/wp-content\/uploads\/2023\/06\/Black-White-Handwritten-Typography-Logo1-1.png","width":455,"height":128,"caption":"Organisateur & Rangement"},"image":{"@id":"https:\/\/organisateur-rangement.com\/#\/schema\/logo\/image\/"}}]}},"_links":{"self":[{"href":"https:\/\/organisateur-rangement.com\/index.php?rest_route=\/wp\/v2\/product\/2529","targetHints":{"allow":["GET"]}}],"collection":[{"href":"https:\/\/organisateur-rangement.com\/index.php?rest_route=\/wp\/v2\/product"}],"about":[{"href":"https:\/\/organisateur-rangement.com\/index.php?rest_route=\/wp\/v2\/types\/product"}],"replies":[{"embeddable":true,"href":"https:\/\/organisateur-rangement.com\/index.php?rest_route=%2Fwp%2Fv2%2Fcomments&post=2529"}],"wp:featuredmedia":[{"embeddable":true,"href":"https:\/\/organisateur-rangement.com\/index.php?rest_route=\/wp\/v2\/media\/2530"}],"wp:attachment":[{"href":"https:\/\/organisateur-rangement.com\/index.php?rest_route=%2Fwp%2Fv2%2Fmedia&parent=2529"}],"wp:term":[{"taxonomy":"product_brand","embeddable":true,"href":"https:\/\/organisateur-rangement.com\/index.php?rest_route=%2Fwp%2Fv2%2Fproduct_brand&post=2529"},{"taxonomy":"product_cat","embeddable":true,"href":"https:\/\/organisateur-rangement.com\/index.php?rest_route=%2Fwp%2Fv2%2Fproduct_cat&post=2529"},{"taxonomy":"product_tag","embeddable":true,"href":"https:\/\/organisateur-rangement.com\/index.php?rest_route=%2Fwp%2Fv2%2Fproduct_tag&post=2529"}],"curies":[{"name":"wp","href":"https:\/\/api.w.org\/{rel}","templated":true}]}}