{"id":2524,"date":"2023-06-23T15:16:15","date_gmt":"2023-06-23T13:16:15","guid":{"rendered":"http:\/\/organisateur-rangement.com\/?post_type=product&#038;p=2524"},"modified":"2023-06-23T15:24:36","modified_gmt":"2023-06-23T13:24:36","slug":"sink-tidy-sey-2-piece-sink-tidy-set","status":"publish","type":"product","link":"https:\/\/organisateur-rangement.com\/?product=sink-tidy-sey-2-piece-sink-tidy-set","title":{"rendered":"Sink Tidy Sey 2 Piece Sink Tidy Set"},"content":{"rendered":"<p>qualit\u00e9 sup\u00e9rieure: En mati\u00e8re plastique de qualit\u00e9 sup\u00e9rieure, robuste et durable. Fabriqu\u00e9 \u00e0 partir d&rsquo;un mat\u00e9riau de qualit\u00e9 sup\u00e9rieure pour garantir une longue dur\u00e9e de vie. nettoyage facile: Il est con\u00e7u pour un nettoyage facile, il suffit de rincer \u00e0 l&rsquo;eau claire apr\u00e8s le lavage et de s\u00e9cher soigneusement. Il s&rsquo;agit d&rsquo;un support \u00e0 vaisselle de haute qualit\u00e9 avec un nettoyage facile. dimensionnement: Le produit r\u00e9el est la r\u00e9f\u00e9rence, le positionnement des lignes d&rsquo;installation est pour r\u00e9f\u00e9rence seulement. Voir le d\u00e9tail sur l&rsquo;image. qui convient: Il a une forte stabilit\u00e9, qui convient \u00e0 tous les types de murs. convient \u00e0: Convient \u00e0 une vari\u00e9t\u00e9 de sc\u00e9narios, tels que le lavage des fruits, l&rsquo;essuyage du d\u00e9tergent, etc. extensible: Avec un design extensible, l&rsquo;\u00e9tag\u00e8re peut s&rsquo;adapter \u00e0 votre \u00e9vier et se fixer au mur avec les vis de montage incluses. Le design extensible est parfait pour se d\u00e9placer entre les assiettes ou l&rsquo;\u00e9vier de la cuisine. Ce porte-ustensiles est extensible et spacieux pour accueillir les plus grands ustensiles.<\/p>\n","protected":false},"excerpt":{"rendered":"<div class=\"title--wrap--1hk9Gx3\" data-spm-anchor-id=\"a2g0o.detail.0.i13.4adc2d99NoTNzo\">\n<ol>\n<li class=\"title--text--1C0vzs9\" data-spm-anchor-id=\"a2g0o.detail.0.i14.4adc2d99NoTNzo\"><strong>Kit de rangement pour \u00e9vier 2 pi\u00e8ces, aide \u00e0 l&rsquo;\u00e9vier auto-drainant<\/strong><\/li>\n<\/ol>\n<\/div>\n","protected":false},"featured_media":2525,"comment_status":"open","ping_status":"closed","template":"","meta":{"om_disable_all_campaigns":false,"_monsterinsights_skip_tracking":false,"_monsterinsights_sitenote_active":false,"_monsterinsights_sitenote_note":"","_monsterinsights_sitenote_category":0,"_uf_show_specific_survey":0,"_uf_disable_surveys":false,"site-sidebar-layout":"default","site-content-layout":"default","ast-site-content-layout":"","site-content-style":"default","site-sidebar-style":"default","ast-global-header-display":"","ast-banner-title-visibility":"","ast-main-header-display":"","ast-hfb-above-header-display":"","ast-hfb-below-header-display":"","ast-hfb-mobile-header-display":"","site-post-title":"","ast-breadcrumbs-content":"","ast-featured-img":"","footer-sml-layout":"","theme-transparent-header-meta":"default","adv-header-id-meta":"","stick-header-meta":"","header-above-stick-meta":"","header-main-stick-meta":"","header-below-stick-meta":"","astra-migrate-meta-layouts":"default","ast-page-background-enabled":"default","ast-page-background-meta":{"desktop":{"background-color":"","background-image":"","background-repeat":"repeat","background-position":"center center","background-size":"auto","background-attachment":"scroll","background-type":"","background-media":"","overlay-type":"","overlay-color":"","overlay-opacity":"","overlay-gradient":""},"tablet":{"background-color":"","background-image":"","background-repeat":"repeat","background-position":"center center","background-size":"auto","background-attachment":"scroll","background-type":"","background-media":"","overlay-type":"","overlay-color":"","overlay-opacity":"","overlay-gradient":""},"mobile":{"background-color":"","background-image":"","background-repeat":"repeat","background-position":"center center","background-size":"auto","background-attachment":"scroll","background-type":"","background-media":"","overlay-type":"","overlay-color":"","overlay-opacity":"","overlay-gradient":""}},"ast-content-background-meta":{"desktop":{"background-color":"var(--ast-global-color-5)","background-image":"","background-repeat":"repeat","background-position":"center center","background-size":"auto","background-attachment":"scroll","background-type":"","background-media":"","overlay-type":"","overlay-color":"","overlay-opacity":"","overlay-gradient":""},"tablet":{"background-color":"var(--ast-global-color-5)","background-image":"","background-repeat":"repeat","background-position":"center center","background-size":"auto","background-attachment":"scroll","background-type":"","background-media":"","overlay-type":"","overlay-color":"","overlay-opacity":"","overlay-gradient":""},"mobile":{"background-color":"var(--ast-global-color-5)","background-image":"","background-repeat":"repeat","background-position":"center center","background-size":"auto","background-attachment":"scroll","background-type":"","background-media":"","overlay-type":"","overlay-color":"","overlay-opacity":"","overlay-gradient":""}}},"product_brand":[],"product_cat":[26],"product_tag":[],"class_list":{"0":"post-2524","1":"product","2":"type-product","3":"status-publish","4":"has-post-thumbnail","6":"product_cat-organisation-et-rangement-cuisine","7":"desktop-align-center","8":"tablet-align-center","9":"mobile-align-center","11":"first","12":"instock","13":"shipping-taxable","14":"purchasable","15":"product-type-simple"},"yoast_head":"<!-- This site is optimized with the Yoast SEO plugin v27.5 - https:\/\/yoast.com\/product\/yoast-seo-wordpress\/ -->\n<title>Sink Tidy Sey 2 Piece Sink Tidy Set - Organisateur &amp; Rangement<\/title>\n<meta name=\"robots\" content=\"index, follow, max-snippet:-1, max-image-preview:large, max-video-preview:-1\" \/>\n<link rel=\"canonical\" href=\"https:\/\/organisateur-rangement.com\/?product=sink-tidy-sey-2-piece-sink-tidy-set\" \/>\n<meta property=\"og:locale\" content=\"fr_FR\" \/>\n<meta property=\"og:type\" content=\"article\" \/>\n<meta property=\"og:title\" content=\"Sink Tidy Sey 2 Piece Sink Tidy Set - Organisateur &amp; Rangement\" \/>\n<meta property=\"og:description\" content=\"Kit de rangement pour \u00e9vier 2 pi\u00e8ces, aide \u00e0 l&#039;\u00e9vier auto-drainant\" \/>\n<meta property=\"og:url\" content=\"https:\/\/organisateur-rangement.com\/?product=sink-tidy-sey-2-piece-sink-tidy-set\" \/>\n<meta property=\"og:site_name\" content=\"Organisateur &amp; Rangement\" \/>\n<meta property=\"article:modified_time\" content=\"2023-06-23T13:24:36+00:00\" \/>\n<meta property=\"og:image\" content=\"https:\/\/organisateur-rangement.com\/wp-content\/uploads\/2023\/06\/jfgreuygh.jpg\" \/>\n\t<meta property=\"og:image:width\" content=\"680\" \/>\n\t<meta property=\"og:image:height\" content=\"680\" \/>\n\t<meta property=\"og:image:type\" content=\"image\/jpeg\" \/>\n<meta name=\"twitter:card\" content=\"summary_large_image\" \/>\n<meta name=\"twitter:label1\" content=\"Dur\u00e9e de lecture estim\u00e9e\" \/>\n\t<meta name=\"twitter:data1\" content=\"1 minute\" \/>\n<script type=\"application\/ld+json\" class=\"yoast-schema-graph\">{\"@context\":\"https:\\\/\\\/schema.org\",\"@graph\":[{\"@type\":\"WebPage\",\"@id\":\"https:\\\/\\\/organisateur-rangement.com\\\/?product=sink-tidy-sey-2-piece-sink-tidy-set\",\"url\":\"https:\\\/\\\/organisateur-rangement.com\\\/?product=sink-tidy-sey-2-piece-sink-tidy-set\",\"name\":\"Sink Tidy Sey 2 Piece Sink Tidy Set - Organisateur &amp; Rangement\",\"isPartOf\":{\"@id\":\"https:\\\/\\\/organisateur-rangement.com\\\/#website\"},\"primaryImageOfPage\":{\"@id\":\"https:\\\/\\\/organisateur-rangement.com\\\/?product=sink-tidy-sey-2-piece-sink-tidy-set#primaryimage\"},\"image\":{\"@id\":\"https:\\\/\\\/organisateur-rangement.com\\\/?product=sink-tidy-sey-2-piece-sink-tidy-set#primaryimage\"},\"thumbnailUrl\":\"https:\\\/\\\/organisateur-rangement.com\\\/wp-content\\\/uploads\\\/2023\\\/06\\\/jfgreuygh.jpg\",\"datePublished\":\"2023-06-23T13:16:15+00:00\",\"dateModified\":\"2023-06-23T13:24:36+00:00\",\"breadcrumb\":{\"@id\":\"https:\\\/\\\/organisateur-rangement.com\\\/?product=sink-tidy-sey-2-piece-sink-tidy-set#breadcrumb\"},\"inLanguage\":\"fr-FR\",\"potentialAction\":[{\"@type\":\"ReadAction\",\"target\":[\"https:\\\/\\\/organisateur-rangement.com\\\/?product=sink-tidy-sey-2-piece-sink-tidy-set\"]}]},{\"@type\":\"ImageObject\",\"inLanguage\":\"fr-FR\",\"@id\":\"https:\\\/\\\/organisateur-rangement.com\\\/?product=sink-tidy-sey-2-piece-sink-tidy-set#primaryimage\",\"url\":\"https:\\\/\\\/organisateur-rangement.com\\\/wp-content\\\/uploads\\\/2023\\\/06\\\/jfgreuygh.jpg\",\"contentUrl\":\"https:\\\/\\\/organisateur-rangement.com\\\/wp-content\\\/uploads\\\/2023\\\/06\\\/jfgreuygh.jpg\",\"width\":680,\"height\":680},{\"@type\":\"BreadcrumbList\",\"@id\":\"https:\\\/\\\/organisateur-rangement.com\\\/?product=sink-tidy-sey-2-piece-sink-tidy-set#breadcrumb\",\"itemListElement\":[{\"@type\":\"ListItem\",\"position\":1,\"name\":\"Accueil\",\"item\":\"https:\\\/\\\/organisateur-rangement.com\\\/\"},{\"@type\":\"ListItem\",\"position\":2,\"name\":\"Shop\",\"item\":\"https:\\\/\\\/organisateur-rangement.com\\\/?page_id=401\"},{\"@type\":\"ListItem\",\"position\":3,\"name\":\"Sink Tidy Sey 2 Piece Sink Tidy Set\"}]},{\"@type\":\"WebSite\",\"@id\":\"https:\\\/\\\/organisateur-rangement.com\\\/#website\",\"url\":\"https:\\\/\\\/organisateur-rangement.com\\\/\",\"name\":\"Organisateur & Rangement\",\"description\":\"\",\"publisher\":{\"@id\":\"https:\\\/\\\/organisateur-rangement.com\\\/#organization\"},\"potentialAction\":[{\"@type\":\"SearchAction\",\"target\":{\"@type\":\"EntryPoint\",\"urlTemplate\":\"https:\\\/\\\/organisateur-rangement.com\\\/?s={search_term_string}\"},\"query-input\":{\"@type\":\"PropertyValueSpecification\",\"valueRequired\":true,\"valueName\":\"search_term_string\"}}],\"inLanguage\":\"fr-FR\"},{\"@type\":\"Organization\",\"@id\":\"https:\\\/\\\/organisateur-rangement.com\\\/#organization\",\"name\":\"Organisateur & Rangement\",\"url\":\"https:\\\/\\\/organisateur-rangement.com\\\/\",\"logo\":{\"@type\":\"ImageObject\",\"inLanguage\":\"fr-FR\",\"@id\":\"https:\\\/\\\/organisateur-rangement.com\\\/#\\\/schema\\\/logo\\\/image\\\/\",\"url\":\"https:\\\/\\\/organisateur-rangement.com\\\/wp-content\\\/uploads\\\/2023\\\/06\\\/Black-White-Handwritten-Typography-Logo1-1.png\",\"contentUrl\":\"https:\\\/\\\/organisateur-rangement.com\\\/wp-content\\\/uploads\\\/2023\\\/06\\\/Black-White-Handwritten-Typography-Logo1-1.png\",\"width\":455,\"height\":128,\"caption\":\"Organisateur & Rangement\"},\"image\":{\"@id\":\"https:\\\/\\\/organisateur-rangement.com\\\/#\\\/schema\\\/logo\\\/image\\\/\"}}]}<\/script>\n<!-- \/ Yoast SEO plugin. -->","yoast_head_json":{"title":"Sink Tidy Sey 2 Piece Sink Tidy Set - Organisateur &amp; Rangement","robots":{"index":"index","follow":"follow","max-snippet":"max-snippet:-1","max-image-preview":"max-image-preview:large","max-video-preview":"max-video-preview:-1"},"canonical":"https:\/\/organisateur-rangement.com\/?product=sink-tidy-sey-2-piece-sink-tidy-set","og_locale":"fr_FR","og_type":"article","og_title":"Sink Tidy Sey 2 Piece Sink Tidy Set - Organisateur &amp; Rangement","og_description":"Kit de rangement pour \u00e9vier 2 pi\u00e8ces, aide \u00e0 l'\u00e9vier auto-drainant","og_url":"https:\/\/organisateur-rangement.com\/?product=sink-tidy-sey-2-piece-sink-tidy-set","og_site_name":"Organisateur &amp; Rangement","article_modified_time":"2023-06-23T13:24:36+00:00","og_image":[{"width":680,"height":680,"url":"https:\/\/organisateur-rangement.com\/wp-content\/uploads\/2023\/06\/jfgreuygh.jpg","type":"image\/jpeg"}],"twitter_card":"summary_large_image","twitter_misc":{"Dur\u00e9e de lecture estim\u00e9e":"1 minute"},"schema":{"@context":"https:\/\/schema.org","@graph":[{"@type":"WebPage","@id":"https:\/\/organisateur-rangement.com\/?product=sink-tidy-sey-2-piece-sink-tidy-set","url":"https:\/\/organisateur-rangement.com\/?product=sink-tidy-sey-2-piece-sink-tidy-set","name":"Sink Tidy Sey 2 Piece Sink Tidy Set - Organisateur &amp; Rangement","isPartOf":{"@id":"https:\/\/organisateur-rangement.com\/#website"},"primaryImageOfPage":{"@id":"https:\/\/organisateur-rangement.com\/?product=sink-tidy-sey-2-piece-sink-tidy-set#primaryimage"},"image":{"@id":"https:\/\/organisateur-rangement.com\/?product=sink-tidy-sey-2-piece-sink-tidy-set#primaryimage"},"thumbnailUrl":"https:\/\/organisateur-rangement.com\/wp-content\/uploads\/2023\/06\/jfgreuygh.jpg","datePublished":"2023-06-23T13:16:15+00:00","dateModified":"2023-06-23T13:24:36+00:00","breadcrumb":{"@id":"https:\/\/organisateur-rangement.com\/?product=sink-tidy-sey-2-piece-sink-tidy-set#breadcrumb"},"inLanguage":"fr-FR","potentialAction":[{"@type":"ReadAction","target":["https:\/\/organisateur-rangement.com\/?product=sink-tidy-sey-2-piece-sink-tidy-set"]}]},{"@type":"ImageObject","inLanguage":"fr-FR","@id":"https:\/\/organisateur-rangement.com\/?product=sink-tidy-sey-2-piece-sink-tidy-set#primaryimage","url":"https:\/\/organisateur-rangement.com\/wp-content\/uploads\/2023\/06\/jfgreuygh.jpg","contentUrl":"https:\/\/organisateur-rangement.com\/wp-content\/uploads\/2023\/06\/jfgreuygh.jpg","width":680,"height":680},{"@type":"BreadcrumbList","@id":"https:\/\/organisateur-rangement.com\/?product=sink-tidy-sey-2-piece-sink-tidy-set#breadcrumb","itemListElement":[{"@type":"ListItem","position":1,"name":"Accueil","item":"https:\/\/organisateur-rangement.com\/"},{"@type":"ListItem","position":2,"name":"Shop","item":"https:\/\/organisateur-rangement.com\/?page_id=401"},{"@type":"ListItem","position":3,"name":"Sink Tidy Sey 2 Piece Sink Tidy Set"}]},{"@type":"WebSite","@id":"https:\/\/organisateur-rangement.com\/#website","url":"https:\/\/organisateur-rangement.com\/","name":"Organisateur & Rangement","description":"","publisher":{"@id":"https:\/\/organisateur-rangement.com\/#organization"},"potentialAction":[{"@type":"SearchAction","target":{"@type":"EntryPoint","urlTemplate":"https:\/\/organisateur-rangement.com\/?s={search_term_string}"},"query-input":{"@type":"PropertyValueSpecification","valueRequired":true,"valueName":"search_term_string"}}],"inLanguage":"fr-FR"},{"@type":"Organization","@id":"https:\/\/organisateur-rangement.com\/#organization","name":"Organisateur & Rangement","url":"https:\/\/organisateur-rangement.com\/","logo":{"@type":"ImageObject","inLanguage":"fr-FR","@id":"https:\/\/organisateur-rangement.com\/#\/schema\/logo\/image\/","url":"https:\/\/organisateur-rangement.com\/wp-content\/uploads\/2023\/06\/Black-White-Handwritten-Typography-Logo1-1.png","contentUrl":"https:\/\/organisateur-rangement.com\/wp-content\/uploads\/2023\/06\/Black-White-Handwritten-Typography-Logo1-1.png","width":455,"height":128,"caption":"Organisateur & Rangement"},"image":{"@id":"https:\/\/organisateur-rangement.com\/#\/schema\/logo\/image\/"}}]}},"_links":{"self":[{"href":"https:\/\/organisateur-rangement.com\/index.php?rest_route=\/wp\/v2\/product\/2524","targetHints":{"allow":["GET"]}}],"collection":[{"href":"https:\/\/organisateur-rangement.com\/index.php?rest_route=\/wp\/v2\/product"}],"about":[{"href":"https:\/\/organisateur-rangement.com\/index.php?rest_route=\/wp\/v2\/types\/product"}],"replies":[{"embeddable":true,"href":"https:\/\/organisateur-rangement.com\/index.php?rest_route=%2Fwp%2Fv2%2Fcomments&post=2524"}],"wp:featuredmedia":[{"embeddable":true,"href":"https:\/\/organisateur-rangement.com\/index.php?rest_route=\/wp\/v2\/media\/2525"}],"wp:attachment":[{"href":"https:\/\/organisateur-rangement.com\/index.php?rest_route=%2Fwp%2Fv2%2Fmedia&parent=2524"}],"wp:term":[{"taxonomy":"product_brand","embeddable":true,"href":"https:\/\/organisateur-rangement.com\/index.php?rest_route=%2Fwp%2Fv2%2Fproduct_brand&post=2524"},{"taxonomy":"product_cat","embeddable":true,"href":"https:\/\/organisateur-rangement.com\/index.php?rest_route=%2Fwp%2Fv2%2Fproduct_cat&post=2524"},{"taxonomy":"product_tag","embeddable":true,"href":"https:\/\/organisateur-rangement.com\/index.php?rest_route=%2Fwp%2Fv2%2Fproduct_tag&post=2524"}],"curies":[{"name":"wp","href":"https:\/\/api.w.org\/{rel}","templated":true}]}}