{"id":2495,"date":"2023-06-20T18:36:29","date_gmt":"2023-06-20T16:36:29","guid":{"rendered":"http:\/\/organisateur-rangement.com\/?post_type=product&#038;p=2495"},"modified":"2023-06-22T13:48:05","modified_gmt":"2023-06-22T11:48:05","slug":"porte-sac-poubelle-suspendu-attach-a-trash","status":"publish","type":"product","link":"https:\/\/organisateur-rangement.com\/?product=porte-sac-poubelle-suspendu-attach-a-trash","title":{"rendered":"Porte sac-poubelle suspendu ( attach a trash )"},"content":{"rendered":"<p>Le porte-sac poubelle suspendu se verrouille dans des sacs d&rsquo;\u00e9picerie r\u00e9utilis\u00e9s, cr\u00e9ant ainsi un vol fort et serr\u00e9 pouvant contenir jusqu&rsquo;\u00e0 10 livres! Pour utiliser simplement clip sur n&rsquo;importe quel tiroir ou armoire!Pas de vis ou d&rsquo;installation.\u00c9conomisez de l&rsquo;argent en r\u00e9utilisant tous les jours des sacs d&rsquo;\u00e9picerie en plastique pour vos d\u00e9chets.Id\u00e9al pour tout espace, grand ou petit: Bureau \u00e0 domicile \/ travail Animaux et jardinage Collection de compost et zones d&rsquo;artisanat de bateaux<\/p>\n","protected":false},"excerpt":{"rendered":"<div class=\"woocommerce-product-details__short-description\">\n<ul>\n<li><strong><a href=\"http:\/\/giex.tn\/product-category\/maison-bureau\/cuisine-maison\/cuisine-arts-culinaires\/\">Support de sac poubelle<\/a> mains libres, sans vis ni installation<\/strong><\/li>\n<li><strong>Mati\u00e8re: plastique\u00a0<\/strong><\/li>\n<li><strong>Capacit\u00e9: jusqu\u2019a 6 Kg<\/strong><\/li>\n<li><strong>Pliable<\/strong><\/li>\n<li><strong>R\u00e9utilisez les sacs d\u2019\u00e9picerie en plastique<\/strong><\/li>\n<li><strong>\u00c9limine les poubelles encombrantes et sales<\/strong><\/li>\n<\/ul>\n<\/div>\n","protected":false},"featured_media":2498,"comment_status":"open","ping_status":"closed","template":"","meta":{"om_disable_all_campaigns":false,"_monsterinsights_skip_tracking":false,"_monsterinsights_sitenote_active":false,"_monsterinsights_sitenote_note":"","_monsterinsights_sitenote_category":0,"_uf_show_specific_survey":0,"_uf_disable_surveys":false,"site-sidebar-layout":"default","site-content-layout":"default","ast-site-content-layout":"","site-content-style":"default","site-sidebar-style":"default","ast-global-header-display":"","ast-banner-title-visibility":"","ast-main-header-display":"","ast-hfb-above-header-display":"","ast-hfb-below-header-display":"","ast-hfb-mobile-header-display":"","site-post-title":"","ast-breadcrumbs-content":"","ast-featured-img":"","footer-sml-layout":"","theme-transparent-header-meta":"default","adv-header-id-meta":"","stick-header-meta":"","header-above-stick-meta":"","header-main-stick-meta":"","header-below-stick-meta":"","astra-migrate-meta-layouts":"default","ast-page-background-enabled":"default","ast-page-background-meta":{"desktop":{"background-color":"","background-image":"","background-repeat":"repeat","background-position":"center center","background-size":"auto","background-attachment":"scroll","background-type":"","background-media":"","overlay-type":"","overlay-color":"","overlay-opacity":"","overlay-gradient":""},"tablet":{"background-color":"","background-image":"","background-repeat":"repeat","background-position":"center center","background-size":"auto","background-attachment":"scroll","background-type":"","background-media":"","overlay-type":"","overlay-color":"","overlay-opacity":"","overlay-gradient":""},"mobile":{"background-color":"","background-image":"","background-repeat":"repeat","background-position":"center center","background-size":"auto","background-attachment":"scroll","background-type":"","background-media":"","overlay-type":"","overlay-color":"","overlay-opacity":"","overlay-gradient":""}},"ast-content-background-meta":{"desktop":{"background-color":"var(--ast-global-color-5)","background-image":"","background-repeat":"repeat","background-position":"center center","background-size":"auto","background-attachment":"scroll","background-type":"","background-media":"","overlay-type":"","overlay-color":"","overlay-opacity":"","overlay-gradient":""},"tablet":{"background-color":"var(--ast-global-color-5)","background-image":"","background-repeat":"repeat","background-position":"center center","background-size":"auto","background-attachment":"scroll","background-type":"","background-media":"","overlay-type":"","overlay-color":"","overlay-opacity":"","overlay-gradient":""},"mobile":{"background-color":"var(--ast-global-color-5)","background-image":"","background-repeat":"repeat","background-position":"center center","background-size":"auto","background-attachment":"scroll","background-type":"","background-media":"","overlay-type":"","overlay-color":"","overlay-opacity":"","overlay-gradient":""}}},"product_brand":[],"product_cat":[26],"product_tag":[],"class_list":{"0":"post-2495","1":"product","2":"type-product","3":"status-publish","4":"has-post-thumbnail","6":"product_cat-organisation-et-rangement-cuisine","7":"desktop-align-center","8":"tablet-align-center","9":"mobile-align-center","11":"first","12":"instock","13":"shipping-taxable","14":"purchasable","15":"product-type-simple"},"yoast_head":"<!-- This site is optimized with the Yoast SEO plugin v27.5 - https:\/\/yoast.com\/product\/yoast-seo-wordpress\/ -->\n<title>Porte sac-poubelle suspendu ( attach a trash ) - Organisateur &amp; Rangement<\/title>\n<meta name=\"robots\" content=\"index, follow, max-snippet:-1, max-image-preview:large, max-video-preview:-1\" \/>\n<link rel=\"canonical\" href=\"https:\/\/organisateur-rangement.com\/?product=porte-sac-poubelle-suspendu-attach-a-trash\" \/>\n<meta property=\"og:locale\" content=\"fr_FR\" \/>\n<meta property=\"og:type\" content=\"article\" \/>\n<meta property=\"og:title\" content=\"Porte sac-poubelle suspendu ( attach a trash ) - Organisateur &amp; Rangement\" \/>\n<meta property=\"og:description\" content=\"Support de sac poubelle mains libres, sans vis ni installation  Mati\u00e8re: plastique\u00a0  Capacit\u00e9: jusqu\u2019a 6 Kg  Pliable  R\u00e9utilisez les sacs d\u2019\u00e9picerie en plastique  \u00c9limine les poubelles encombrantes et sales\" \/>\n<meta property=\"og:url\" content=\"https:\/\/organisateur-rangement.com\/?product=porte-sac-poubelle-suspendu-attach-a-trash\" \/>\n<meta property=\"og:site_name\" content=\"Organisateur &amp; Rangement\" \/>\n<meta property=\"article:modified_time\" content=\"2023-06-22T11:48:05+00:00\" \/>\n<meta property=\"og:image\" content=\"https:\/\/organisateur-rangement.com\/wp-content\/uploads\/2023\/06\/attach_a_trash_-_cuisine_sac.jpg\" \/>\n\t<meta property=\"og:image:width\" content=\"600\" \/>\n\t<meta property=\"og:image:height\" content=\"600\" \/>\n\t<meta property=\"og:image:type\" content=\"image\/jpeg\" \/>\n<meta name=\"twitter:card\" content=\"summary_large_image\" \/>\n<script type=\"application\/ld+json\" class=\"yoast-schema-graph\">{\"@context\":\"https:\\\/\\\/schema.org\",\"@graph\":[{\"@type\":\"WebPage\",\"@id\":\"https:\\\/\\\/organisateur-rangement.com\\\/?product=porte-sac-poubelle-suspendu-attach-a-trash\",\"url\":\"https:\\\/\\\/organisateur-rangement.com\\\/?product=porte-sac-poubelle-suspendu-attach-a-trash\",\"name\":\"Porte sac-poubelle suspendu ( attach a trash ) - Organisateur &amp; Rangement\",\"isPartOf\":{\"@id\":\"https:\\\/\\\/organisateur-rangement.com\\\/#website\"},\"primaryImageOfPage\":{\"@id\":\"https:\\\/\\\/organisateur-rangement.com\\\/?product=porte-sac-poubelle-suspendu-attach-a-trash#primaryimage\"},\"image\":{\"@id\":\"https:\\\/\\\/organisateur-rangement.com\\\/?product=porte-sac-poubelle-suspendu-attach-a-trash#primaryimage\"},\"thumbnailUrl\":\"https:\\\/\\\/organisateur-rangement.com\\\/wp-content\\\/uploads\\\/2023\\\/06\\\/attach_a_trash_-_cuisine_sac.jpg\",\"datePublished\":\"2023-06-20T16:36:29+00:00\",\"dateModified\":\"2023-06-22T11:48:05+00:00\",\"breadcrumb\":{\"@id\":\"https:\\\/\\\/organisateur-rangement.com\\\/?product=porte-sac-poubelle-suspendu-attach-a-trash#breadcrumb\"},\"inLanguage\":\"fr-FR\",\"potentialAction\":[{\"@type\":\"ReadAction\",\"target\":[\"https:\\\/\\\/organisateur-rangement.com\\\/?product=porte-sac-poubelle-suspendu-attach-a-trash\"]}]},{\"@type\":\"ImageObject\",\"inLanguage\":\"fr-FR\",\"@id\":\"https:\\\/\\\/organisateur-rangement.com\\\/?product=porte-sac-poubelle-suspendu-attach-a-trash#primaryimage\",\"url\":\"https:\\\/\\\/organisateur-rangement.com\\\/wp-content\\\/uploads\\\/2023\\\/06\\\/attach_a_trash_-_cuisine_sac.jpg\",\"contentUrl\":\"https:\\\/\\\/organisateur-rangement.com\\\/wp-content\\\/uploads\\\/2023\\\/06\\\/attach_a_trash_-_cuisine_sac.jpg\",\"width\":600,\"height\":600},{\"@type\":\"BreadcrumbList\",\"@id\":\"https:\\\/\\\/organisateur-rangement.com\\\/?product=porte-sac-poubelle-suspendu-attach-a-trash#breadcrumb\",\"itemListElement\":[{\"@type\":\"ListItem\",\"position\":1,\"name\":\"Accueil\",\"item\":\"https:\\\/\\\/organisateur-rangement.com\\\/\"},{\"@type\":\"ListItem\",\"position\":2,\"name\":\"Shop\",\"item\":\"https:\\\/\\\/organisateur-rangement.com\\\/?page_id=401\"},{\"@type\":\"ListItem\",\"position\":3,\"name\":\"Porte sac-poubelle suspendu ( attach a trash )\"}]},{\"@type\":\"WebSite\",\"@id\":\"https:\\\/\\\/organisateur-rangement.com\\\/#website\",\"url\":\"https:\\\/\\\/organisateur-rangement.com\\\/\",\"name\":\"Organisateur & Rangement\",\"description\":\"\",\"publisher\":{\"@id\":\"https:\\\/\\\/organisateur-rangement.com\\\/#organization\"},\"potentialAction\":[{\"@type\":\"SearchAction\",\"target\":{\"@type\":\"EntryPoint\",\"urlTemplate\":\"https:\\\/\\\/organisateur-rangement.com\\\/?s={search_term_string}\"},\"query-input\":{\"@type\":\"PropertyValueSpecification\",\"valueRequired\":true,\"valueName\":\"search_term_string\"}}],\"inLanguage\":\"fr-FR\"},{\"@type\":\"Organization\",\"@id\":\"https:\\\/\\\/organisateur-rangement.com\\\/#organization\",\"name\":\"Organisateur & Rangement\",\"url\":\"https:\\\/\\\/organisateur-rangement.com\\\/\",\"logo\":{\"@type\":\"ImageObject\",\"inLanguage\":\"fr-FR\",\"@id\":\"https:\\\/\\\/organisateur-rangement.com\\\/#\\\/schema\\\/logo\\\/image\\\/\",\"url\":\"https:\\\/\\\/organisateur-rangement.com\\\/wp-content\\\/uploads\\\/2023\\\/06\\\/Black-White-Handwritten-Typography-Logo1-1.png\",\"contentUrl\":\"https:\\\/\\\/organisateur-rangement.com\\\/wp-content\\\/uploads\\\/2023\\\/06\\\/Black-White-Handwritten-Typography-Logo1-1.png\",\"width\":455,\"height\":128,\"caption\":\"Organisateur & Rangement\"},\"image\":{\"@id\":\"https:\\\/\\\/organisateur-rangement.com\\\/#\\\/schema\\\/logo\\\/image\\\/\"}}]}<\/script>\n<!-- \/ Yoast SEO plugin. -->","yoast_head_json":{"title":"Porte sac-poubelle suspendu ( attach a trash ) - Organisateur &amp; Rangement","robots":{"index":"index","follow":"follow","max-snippet":"max-snippet:-1","max-image-preview":"max-image-preview:large","max-video-preview":"max-video-preview:-1"},"canonical":"https:\/\/organisateur-rangement.com\/?product=porte-sac-poubelle-suspendu-attach-a-trash","og_locale":"fr_FR","og_type":"article","og_title":"Porte sac-poubelle suspendu ( attach a trash ) - Organisateur &amp; Rangement","og_description":"Support de sac poubelle mains libres, sans vis ni installation  Mati\u00e8re: plastique\u00a0  Capacit\u00e9: jusqu\u2019a 6 Kg  Pliable  R\u00e9utilisez les sacs d\u2019\u00e9picerie en plastique  \u00c9limine les poubelles encombrantes et sales","og_url":"https:\/\/organisateur-rangement.com\/?product=porte-sac-poubelle-suspendu-attach-a-trash","og_site_name":"Organisateur &amp; Rangement","article_modified_time":"2023-06-22T11:48:05+00:00","og_image":[{"width":600,"height":600,"url":"https:\/\/organisateur-rangement.com\/wp-content\/uploads\/2023\/06\/attach_a_trash_-_cuisine_sac.jpg","type":"image\/jpeg"}],"twitter_card":"summary_large_image","schema":{"@context":"https:\/\/schema.org","@graph":[{"@type":"WebPage","@id":"https:\/\/organisateur-rangement.com\/?product=porte-sac-poubelle-suspendu-attach-a-trash","url":"https:\/\/organisateur-rangement.com\/?product=porte-sac-poubelle-suspendu-attach-a-trash","name":"Porte sac-poubelle suspendu ( attach a trash ) - Organisateur &amp; Rangement","isPartOf":{"@id":"https:\/\/organisateur-rangement.com\/#website"},"primaryImageOfPage":{"@id":"https:\/\/organisateur-rangement.com\/?product=porte-sac-poubelle-suspendu-attach-a-trash#primaryimage"},"image":{"@id":"https:\/\/organisateur-rangement.com\/?product=porte-sac-poubelle-suspendu-attach-a-trash#primaryimage"},"thumbnailUrl":"https:\/\/organisateur-rangement.com\/wp-content\/uploads\/2023\/06\/attach_a_trash_-_cuisine_sac.jpg","datePublished":"2023-06-20T16:36:29+00:00","dateModified":"2023-06-22T11:48:05+00:00","breadcrumb":{"@id":"https:\/\/organisateur-rangement.com\/?product=porte-sac-poubelle-suspendu-attach-a-trash#breadcrumb"},"inLanguage":"fr-FR","potentialAction":[{"@type":"ReadAction","target":["https:\/\/organisateur-rangement.com\/?product=porte-sac-poubelle-suspendu-attach-a-trash"]}]},{"@type":"ImageObject","inLanguage":"fr-FR","@id":"https:\/\/organisateur-rangement.com\/?product=porte-sac-poubelle-suspendu-attach-a-trash#primaryimage","url":"https:\/\/organisateur-rangement.com\/wp-content\/uploads\/2023\/06\/attach_a_trash_-_cuisine_sac.jpg","contentUrl":"https:\/\/organisateur-rangement.com\/wp-content\/uploads\/2023\/06\/attach_a_trash_-_cuisine_sac.jpg","width":600,"height":600},{"@type":"BreadcrumbList","@id":"https:\/\/organisateur-rangement.com\/?product=porte-sac-poubelle-suspendu-attach-a-trash#breadcrumb","itemListElement":[{"@type":"ListItem","position":1,"name":"Accueil","item":"https:\/\/organisateur-rangement.com\/"},{"@type":"ListItem","position":2,"name":"Shop","item":"https:\/\/organisateur-rangement.com\/?page_id=401"},{"@type":"ListItem","position":3,"name":"Porte sac-poubelle suspendu ( attach a trash )"}]},{"@type":"WebSite","@id":"https:\/\/organisateur-rangement.com\/#website","url":"https:\/\/organisateur-rangement.com\/","name":"Organisateur & Rangement","description":"","publisher":{"@id":"https:\/\/organisateur-rangement.com\/#organization"},"potentialAction":[{"@type":"SearchAction","target":{"@type":"EntryPoint","urlTemplate":"https:\/\/organisateur-rangement.com\/?s={search_term_string}"},"query-input":{"@type":"PropertyValueSpecification","valueRequired":true,"valueName":"search_term_string"}}],"inLanguage":"fr-FR"},{"@type":"Organization","@id":"https:\/\/organisateur-rangement.com\/#organization","name":"Organisateur & Rangement","url":"https:\/\/organisateur-rangement.com\/","logo":{"@type":"ImageObject","inLanguage":"fr-FR","@id":"https:\/\/organisateur-rangement.com\/#\/schema\/logo\/image\/","url":"https:\/\/organisateur-rangement.com\/wp-content\/uploads\/2023\/06\/Black-White-Handwritten-Typography-Logo1-1.png","contentUrl":"https:\/\/organisateur-rangement.com\/wp-content\/uploads\/2023\/06\/Black-White-Handwritten-Typography-Logo1-1.png","width":455,"height":128,"caption":"Organisateur & Rangement"},"image":{"@id":"https:\/\/organisateur-rangement.com\/#\/schema\/logo\/image\/"}}]}},"_links":{"self":[{"href":"https:\/\/organisateur-rangement.com\/index.php?rest_route=\/wp\/v2\/product\/2495","targetHints":{"allow":["GET"]}}],"collection":[{"href":"https:\/\/organisateur-rangement.com\/index.php?rest_route=\/wp\/v2\/product"}],"about":[{"href":"https:\/\/organisateur-rangement.com\/index.php?rest_route=\/wp\/v2\/types\/product"}],"replies":[{"embeddable":true,"href":"https:\/\/organisateur-rangement.com\/index.php?rest_route=%2Fwp%2Fv2%2Fcomments&post=2495"}],"wp:featuredmedia":[{"embeddable":true,"href":"https:\/\/organisateur-rangement.com\/index.php?rest_route=\/wp\/v2\/media\/2498"}],"wp:attachment":[{"href":"https:\/\/organisateur-rangement.com\/index.php?rest_route=%2Fwp%2Fv2%2Fmedia&parent=2495"}],"wp:term":[{"taxonomy":"product_brand","embeddable":true,"href":"https:\/\/organisateur-rangement.com\/index.php?rest_route=%2Fwp%2Fv2%2Fproduct_brand&post=2495"},{"taxonomy":"product_cat","embeddable":true,"href":"https:\/\/organisateur-rangement.com\/index.php?rest_route=%2Fwp%2Fv2%2Fproduct_cat&post=2495"},{"taxonomy":"product_tag","embeddable":true,"href":"https:\/\/organisateur-rangement.com\/index.php?rest_route=%2Fwp%2Fv2%2Fproduct_tag&post=2495"}],"curies":[{"name":"wp","href":"https:\/\/api.w.org\/{rel}","templated":true}]}}