{"id":2466,"date":"2023-06-02T18:18:19","date_gmt":"2023-06-02T16:18:19","guid":{"rendered":"http:\/\/organisateur-rangement.com\/?post_type=product&#038;p=2466"},"modified":"2023-06-02T18:22:55","modified_gmt":"2023-06-02T16:22:55","slug":"carrousel-tour-a-epices-en-acrylique","status":"publish","type":"product","link":"https:\/\/organisateur-rangement.com\/?product=carrousel-tour-a-epices-en-acrylique","title":{"rendered":"Carrousel tour \u00e0 \u00e9pices en acrylique"},"content":{"rendered":"<div class=\"markup -pam\">\n<ul>\n<li>\n<div class=\"markup -mhm -pvl -oxa -sc\">\n<div class=\"markup -mhm -pvl -oxa -sc\">\n<p>Carrousel Spice Tower 12 pi\u00e8ces sur base transparente en acrylique transparent facile d&rsquo;acc\u00e8s. -La bouteille est dot\u00e9e de bouchons blancs nacr\u00e9s et de couvercles de tamis amovibles et de 8 tamis suppl\u00e9mentaires avec des trous plus petits.<\/p>\n<p>Gardez vos \u00e9pices pr\u00e9f\u00e9r\u00e9es \u00e0 port\u00e9e de la main lorsque vous les empilez haut sur le carrousel rotatif robuste.<\/p>\n<p>La conception unique, auto-empilable et verrouillable, maintient les bouteilles bien en place, mais chacune se retire facilement.<\/p>\n<p>Comprend 48 \u00e9tiquettes pr\u00e9imprim\u00e9es et 6 \u00e9tiquettes d&rsquo;\u00e9pices vierges<\/p>\n<p>Un design unique \u00e0 embo\u00eetement maintient les bouteilles bien en place<\/p>\n<p>Fait un bel \u00e9cran de cuisine d\u00e9coratif<\/p>\n<p>Dimension bouteilles: 7cmx5.15cm<\/p>\n<p>Dimension\u00a0support: 18cmx18cm<\/p>\n<div class=\"markup -pam\">\n<ul>\n<li>Set de 12 bouteille Carrousel \u00e0 tour d&rsquo;\u00e9pices<\/li>\n<li>Mati\u00e8re :Acrylique<\/li>\n<li>Dimensions du support :\u00a0\u00a018cmx18cm<\/li>\n<li>Dimensions des pots :\u00a07cmx5.15cm<\/li>\n<\/ul>\n<\/div>\n<\/div>\n<\/div>\n<\/li>\n<\/ul>\n<\/div>\n","protected":false},"excerpt":{"rendered":"<div class=\"product-section description-section\">\n<div class=\"single-description fr-view\">\n<ul data-spm-anchor-id=\"a2g0o.detail.1000023.i0.516048b1dJx4ZD\">\n<li>Gardez vos \u00e9pices pr\u00e9f\u00e9r\u00e9es \u00e0 port\u00e9e de vos mains, La conception \u00e0 embo\u00eetement unique maintient les bouteilles solidement en place les flacons ont des bouchons blanc nacr\u00e9.\n<p>Il contient 12 bouteilles Spice Tower sur acrylique transparent facile \u00e0 utiliser..<\/li>\n<\/ul>\n<\/div>\n<\/div>\n","protected":false},"featured_media":2467,"comment_status":"open","ping_status":"closed","template":"","meta":{"om_disable_all_campaigns":false,"_monsterinsights_skip_tracking":false,"_monsterinsights_sitenote_active":false,"_monsterinsights_sitenote_note":"","_monsterinsights_sitenote_category":0,"_uf_show_specific_survey":0,"_uf_disable_surveys":false,"site-sidebar-layout":"default","site-content-layout":"default","ast-site-content-layout":"","site-content-style":"default","site-sidebar-style":"default","ast-global-header-display":"","ast-banner-title-visibility":"","ast-main-header-display":"","ast-hfb-above-header-display":"","ast-hfb-below-header-display":"","ast-hfb-mobile-header-display":"","site-post-title":"","ast-breadcrumbs-content":"","ast-featured-img":"","footer-sml-layout":"","theme-transparent-header-meta":"default","adv-header-id-meta":"","stick-header-meta":"","header-above-stick-meta":"","header-main-stick-meta":"","header-below-stick-meta":"","astra-migrate-meta-layouts":"default","ast-page-background-enabled":"default","ast-page-background-meta":{"desktop":{"background-color":"","background-image":"","background-repeat":"repeat","background-position":"center center","background-size":"auto","background-attachment":"scroll","background-type":"","background-media":"","overlay-type":"","overlay-color":"","overlay-opacity":"","overlay-gradient":""},"tablet":{"background-color":"","background-image":"","background-repeat":"repeat","background-position":"center center","background-size":"auto","background-attachment":"scroll","background-type":"","background-media":"","overlay-type":"","overlay-color":"","overlay-opacity":"","overlay-gradient":""},"mobile":{"background-color":"","background-image":"","background-repeat":"repeat","background-position":"center center","background-size":"auto","background-attachment":"scroll","background-type":"","background-media":"","overlay-type":"","overlay-color":"","overlay-opacity":"","overlay-gradient":""}},"ast-content-background-meta":{"desktop":{"background-color":"var(--ast-global-color-5)","background-image":"","background-repeat":"repeat","background-position":"center center","background-size":"auto","background-attachment":"scroll","background-type":"","background-media":"","overlay-type":"","overlay-color":"","overlay-opacity":"","overlay-gradient":""},"tablet":{"background-color":"var(--ast-global-color-5)","background-image":"","background-repeat":"repeat","background-position":"center center","background-size":"auto","background-attachment":"scroll","background-type":"","background-media":"","overlay-type":"","overlay-color":"","overlay-opacity":"","overlay-gradient":""},"mobile":{"background-color":"var(--ast-global-color-5)","background-image":"","background-repeat":"repeat","background-position":"center center","background-size":"auto","background-attachment":"scroll","background-type":"","background-media":"","overlay-type":"","overlay-color":"","overlay-opacity":"","overlay-gradient":""}}},"product_brand":[],"product_cat":[26],"product_tag":[],"class_list":{"0":"post-2466","1":"product","2":"type-product","3":"status-publish","4":"has-post-thumbnail","6":"product_cat-organisation-et-rangement-cuisine","7":"desktop-align-center","8":"tablet-align-center","9":"mobile-align-center","11":"first","12":"instock","13":"shipping-taxable","14":"purchasable","15":"product-type-simple"},"yoast_head":"<!-- This site is optimized with the Yoast SEO plugin v27.5 - https:\/\/yoast.com\/product\/yoast-seo-wordpress\/ -->\n<title>Carrousel tour \u00e0 \u00e9pices en acrylique - Organisateur &amp; Rangement<\/title>\n<meta name=\"robots\" content=\"index, follow, max-snippet:-1, max-image-preview:large, max-video-preview:-1\" \/>\n<link rel=\"canonical\" href=\"https:\/\/organisateur-rangement.com\/?product=carrousel-tour-a-epices-en-acrylique\" \/>\n<meta property=\"og:locale\" content=\"fr_FR\" \/>\n<meta property=\"og:type\" content=\"article\" \/>\n<meta property=\"og:title\" content=\"Carrousel tour \u00e0 \u00e9pices en acrylique - Organisateur &amp; Rangement\" \/>\n<meta property=\"og:description\" content=\"Gardez vos \u00e9pices pr\u00e9f\u00e9r\u00e9es \u00e0 port\u00e9e de vos mains, La conception \u00e0 embo\u00eetement unique maintient les bouteilles solidement en place les flacons ont des bouchons blanc nacr\u00e9.  Il contient 12 bouteilles Spice Tower sur acrylique transparent facile \u00e0 utiliser..\" \/>\n<meta property=\"og:url\" content=\"https:\/\/organisateur-rangement.com\/?product=carrousel-tour-a-epices-en-acrylique\" \/>\n<meta property=\"og:site_name\" content=\"Organisateur &amp; Rangement\" \/>\n<meta property=\"article:modified_time\" content=\"2023-06-02T16:22:55+00:00\" \/>\n<meta property=\"og:image\" content=\"https:\/\/organisateur-rangement.com\/wp-content\/uploads\/2023\/06\/Carrousel-tour-a-epices-en-acrylique.jpeg\" \/>\n\t<meta property=\"og:image:width\" content=\"680\" \/>\n\t<meta property=\"og:image:height\" content=\"680\" \/>\n\t<meta property=\"og:image:type\" content=\"image\/jpeg\" \/>\n<meta name=\"twitter:card\" content=\"summary_large_image\" \/>\n<meta name=\"twitter:label1\" content=\"Dur\u00e9e de lecture estim\u00e9e\" \/>\n\t<meta name=\"twitter:data1\" content=\"1 minute\" \/>\n<script type=\"application\/ld+json\" class=\"yoast-schema-graph\">{\"@context\":\"https:\\\/\\\/schema.org\",\"@graph\":[{\"@type\":\"WebPage\",\"@id\":\"https:\\\/\\\/organisateur-rangement.com\\\/?product=carrousel-tour-a-epices-en-acrylique\",\"url\":\"https:\\\/\\\/organisateur-rangement.com\\\/?product=carrousel-tour-a-epices-en-acrylique\",\"name\":\"Carrousel tour \u00e0 \u00e9pices en acrylique - Organisateur &amp; Rangement\",\"isPartOf\":{\"@id\":\"https:\\\/\\\/organisateur-rangement.com\\\/#website\"},\"primaryImageOfPage\":{\"@id\":\"https:\\\/\\\/organisateur-rangement.com\\\/?product=carrousel-tour-a-epices-en-acrylique#primaryimage\"},\"image\":{\"@id\":\"https:\\\/\\\/organisateur-rangement.com\\\/?product=carrousel-tour-a-epices-en-acrylique#primaryimage\"},\"thumbnailUrl\":\"https:\\\/\\\/organisateur-rangement.com\\\/wp-content\\\/uploads\\\/2023\\\/06\\\/Carrousel-tour-a-epices-en-acrylique.jpeg\",\"datePublished\":\"2023-06-02T16:18:19+00:00\",\"dateModified\":\"2023-06-02T16:22:55+00:00\",\"breadcrumb\":{\"@id\":\"https:\\\/\\\/organisateur-rangement.com\\\/?product=carrousel-tour-a-epices-en-acrylique#breadcrumb\"},\"inLanguage\":\"fr-FR\",\"potentialAction\":[{\"@type\":\"ReadAction\",\"target\":[\"https:\\\/\\\/organisateur-rangement.com\\\/?product=carrousel-tour-a-epices-en-acrylique\"]}]},{\"@type\":\"ImageObject\",\"inLanguage\":\"fr-FR\",\"@id\":\"https:\\\/\\\/organisateur-rangement.com\\\/?product=carrousel-tour-a-epices-en-acrylique#primaryimage\",\"url\":\"https:\\\/\\\/organisateur-rangement.com\\\/wp-content\\\/uploads\\\/2023\\\/06\\\/Carrousel-tour-a-epices-en-acrylique.jpeg\",\"contentUrl\":\"https:\\\/\\\/organisateur-rangement.com\\\/wp-content\\\/uploads\\\/2023\\\/06\\\/Carrousel-tour-a-epices-en-acrylique.jpeg\",\"width\":680,\"height\":680},{\"@type\":\"BreadcrumbList\",\"@id\":\"https:\\\/\\\/organisateur-rangement.com\\\/?product=carrousel-tour-a-epices-en-acrylique#breadcrumb\",\"itemListElement\":[{\"@type\":\"ListItem\",\"position\":1,\"name\":\"Accueil\",\"item\":\"https:\\\/\\\/organisateur-rangement.com\\\/\"},{\"@type\":\"ListItem\",\"position\":2,\"name\":\"Shop\",\"item\":\"https:\\\/\\\/organisateur-rangement.com\\\/?page_id=401\"},{\"@type\":\"ListItem\",\"position\":3,\"name\":\"Carrousel tour \u00e0 \u00e9pices en acrylique\"}]},{\"@type\":\"WebSite\",\"@id\":\"https:\\\/\\\/organisateur-rangement.com\\\/#website\",\"url\":\"https:\\\/\\\/organisateur-rangement.com\\\/\",\"name\":\"Organisateur & Rangement\",\"description\":\"\",\"publisher\":{\"@id\":\"https:\\\/\\\/organisateur-rangement.com\\\/#organization\"},\"potentialAction\":[{\"@type\":\"SearchAction\",\"target\":{\"@type\":\"EntryPoint\",\"urlTemplate\":\"https:\\\/\\\/organisateur-rangement.com\\\/?s={search_term_string}\"},\"query-input\":{\"@type\":\"PropertyValueSpecification\",\"valueRequired\":true,\"valueName\":\"search_term_string\"}}],\"inLanguage\":\"fr-FR\"},{\"@type\":\"Organization\",\"@id\":\"https:\\\/\\\/organisateur-rangement.com\\\/#organization\",\"name\":\"Organisateur & Rangement\",\"url\":\"https:\\\/\\\/organisateur-rangement.com\\\/\",\"logo\":{\"@type\":\"ImageObject\",\"inLanguage\":\"fr-FR\",\"@id\":\"https:\\\/\\\/organisateur-rangement.com\\\/#\\\/schema\\\/logo\\\/image\\\/\",\"url\":\"https:\\\/\\\/organisateur-rangement.com\\\/wp-content\\\/uploads\\\/2023\\\/06\\\/Black-White-Handwritten-Typography-Logo1-1.png\",\"contentUrl\":\"https:\\\/\\\/organisateur-rangement.com\\\/wp-content\\\/uploads\\\/2023\\\/06\\\/Black-White-Handwritten-Typography-Logo1-1.png\",\"width\":455,\"height\":128,\"caption\":\"Organisateur & Rangement\"},\"image\":{\"@id\":\"https:\\\/\\\/organisateur-rangement.com\\\/#\\\/schema\\\/logo\\\/image\\\/\"}}]}<\/script>\n<!-- \/ Yoast SEO plugin. -->","yoast_head_json":{"title":"Carrousel tour \u00e0 \u00e9pices en acrylique - Organisateur &amp; Rangement","robots":{"index":"index","follow":"follow","max-snippet":"max-snippet:-1","max-image-preview":"max-image-preview:large","max-video-preview":"max-video-preview:-1"},"canonical":"https:\/\/organisateur-rangement.com\/?product=carrousel-tour-a-epices-en-acrylique","og_locale":"fr_FR","og_type":"article","og_title":"Carrousel tour \u00e0 \u00e9pices en acrylique - Organisateur &amp; Rangement","og_description":"Gardez vos \u00e9pices pr\u00e9f\u00e9r\u00e9es \u00e0 port\u00e9e de vos mains, La conception \u00e0 embo\u00eetement unique maintient les bouteilles solidement en place les flacons ont des bouchons blanc nacr\u00e9.  Il contient 12 bouteilles Spice Tower sur acrylique transparent facile \u00e0 utiliser..","og_url":"https:\/\/organisateur-rangement.com\/?product=carrousel-tour-a-epices-en-acrylique","og_site_name":"Organisateur &amp; Rangement","article_modified_time":"2023-06-02T16:22:55+00:00","og_image":[{"width":680,"height":680,"url":"https:\/\/organisateur-rangement.com\/wp-content\/uploads\/2023\/06\/Carrousel-tour-a-epices-en-acrylique.jpeg","type":"image\/jpeg"}],"twitter_card":"summary_large_image","twitter_misc":{"Dur\u00e9e de lecture estim\u00e9e":"1 minute"},"schema":{"@context":"https:\/\/schema.org","@graph":[{"@type":"WebPage","@id":"https:\/\/organisateur-rangement.com\/?product=carrousel-tour-a-epices-en-acrylique","url":"https:\/\/organisateur-rangement.com\/?product=carrousel-tour-a-epices-en-acrylique","name":"Carrousel tour \u00e0 \u00e9pices en acrylique - Organisateur &amp; Rangement","isPartOf":{"@id":"https:\/\/organisateur-rangement.com\/#website"},"primaryImageOfPage":{"@id":"https:\/\/organisateur-rangement.com\/?product=carrousel-tour-a-epices-en-acrylique#primaryimage"},"image":{"@id":"https:\/\/organisateur-rangement.com\/?product=carrousel-tour-a-epices-en-acrylique#primaryimage"},"thumbnailUrl":"https:\/\/organisateur-rangement.com\/wp-content\/uploads\/2023\/06\/Carrousel-tour-a-epices-en-acrylique.jpeg","datePublished":"2023-06-02T16:18:19+00:00","dateModified":"2023-06-02T16:22:55+00:00","breadcrumb":{"@id":"https:\/\/organisateur-rangement.com\/?product=carrousel-tour-a-epices-en-acrylique#breadcrumb"},"inLanguage":"fr-FR","potentialAction":[{"@type":"ReadAction","target":["https:\/\/organisateur-rangement.com\/?product=carrousel-tour-a-epices-en-acrylique"]}]},{"@type":"ImageObject","inLanguage":"fr-FR","@id":"https:\/\/organisateur-rangement.com\/?product=carrousel-tour-a-epices-en-acrylique#primaryimage","url":"https:\/\/organisateur-rangement.com\/wp-content\/uploads\/2023\/06\/Carrousel-tour-a-epices-en-acrylique.jpeg","contentUrl":"https:\/\/organisateur-rangement.com\/wp-content\/uploads\/2023\/06\/Carrousel-tour-a-epices-en-acrylique.jpeg","width":680,"height":680},{"@type":"BreadcrumbList","@id":"https:\/\/organisateur-rangement.com\/?product=carrousel-tour-a-epices-en-acrylique#breadcrumb","itemListElement":[{"@type":"ListItem","position":1,"name":"Accueil","item":"https:\/\/organisateur-rangement.com\/"},{"@type":"ListItem","position":2,"name":"Shop","item":"https:\/\/organisateur-rangement.com\/?page_id=401"},{"@type":"ListItem","position":3,"name":"Carrousel tour \u00e0 \u00e9pices en acrylique"}]},{"@type":"WebSite","@id":"https:\/\/organisateur-rangement.com\/#website","url":"https:\/\/organisateur-rangement.com\/","name":"Organisateur & Rangement","description":"","publisher":{"@id":"https:\/\/organisateur-rangement.com\/#organization"},"potentialAction":[{"@type":"SearchAction","target":{"@type":"EntryPoint","urlTemplate":"https:\/\/organisateur-rangement.com\/?s={search_term_string}"},"query-input":{"@type":"PropertyValueSpecification","valueRequired":true,"valueName":"search_term_string"}}],"inLanguage":"fr-FR"},{"@type":"Organization","@id":"https:\/\/organisateur-rangement.com\/#organization","name":"Organisateur & Rangement","url":"https:\/\/organisateur-rangement.com\/","logo":{"@type":"ImageObject","inLanguage":"fr-FR","@id":"https:\/\/organisateur-rangement.com\/#\/schema\/logo\/image\/","url":"https:\/\/organisateur-rangement.com\/wp-content\/uploads\/2023\/06\/Black-White-Handwritten-Typography-Logo1-1.png","contentUrl":"https:\/\/organisateur-rangement.com\/wp-content\/uploads\/2023\/06\/Black-White-Handwritten-Typography-Logo1-1.png","width":455,"height":128,"caption":"Organisateur & Rangement"},"image":{"@id":"https:\/\/organisateur-rangement.com\/#\/schema\/logo\/image\/"}}]}},"_links":{"self":[{"href":"https:\/\/organisateur-rangement.com\/index.php?rest_route=\/wp\/v2\/product\/2466","targetHints":{"allow":["GET"]}}],"collection":[{"href":"https:\/\/organisateur-rangement.com\/index.php?rest_route=\/wp\/v2\/product"}],"about":[{"href":"https:\/\/organisateur-rangement.com\/index.php?rest_route=\/wp\/v2\/types\/product"}],"replies":[{"embeddable":true,"href":"https:\/\/organisateur-rangement.com\/index.php?rest_route=%2Fwp%2Fv2%2Fcomments&post=2466"}],"wp:featuredmedia":[{"embeddable":true,"href":"https:\/\/organisateur-rangement.com\/index.php?rest_route=\/wp\/v2\/media\/2467"}],"wp:attachment":[{"href":"https:\/\/organisateur-rangement.com\/index.php?rest_route=%2Fwp%2Fv2%2Fmedia&parent=2466"}],"wp:term":[{"taxonomy":"product_brand","embeddable":true,"href":"https:\/\/organisateur-rangement.com\/index.php?rest_route=%2Fwp%2Fv2%2Fproduct_brand&post=2466"},{"taxonomy":"product_cat","embeddable":true,"href":"https:\/\/organisateur-rangement.com\/index.php?rest_route=%2Fwp%2Fv2%2Fproduct_cat&post=2466"},{"taxonomy":"product_tag","embeddable":true,"href":"https:\/\/organisateur-rangement.com\/index.php?rest_route=%2Fwp%2Fv2%2Fproduct_tag&post=2466"}],"curies":[{"name":"wp","href":"https:\/\/api.w.org\/{rel}","templated":true}]}}