{"id":2396,"date":"2023-06-02T15:10:33","date_gmt":"2023-06-02T13:10:33","guid":{"rendered":"http:\/\/organisateur-rangement.com\/?post_type=product&#038;p=2396"},"modified":"2026-02-23T16:54:56","modified_gmt":"2026-02-23T15:54:56","slug":"boite-de-maquillage-grande-capacite-avec-porte-bijoux","status":"publish","type":"product","link":"https:\/\/organisateur-rangement.com\/?product=boite-de-maquillage-grande-capacite-avec-porte-bijoux","title":{"rendered":"Bo\u00eete de maquillage grande capacit\u00e9 avec porte-bijoux"},"content":{"rendered":"<p>Forme: Rectangle Sp\u00e9cification: 33 * 15 * 85cm Num\u00e9ro de Mod\u00e8le: C1888 Caract\u00e9ristique: Eco-friendly,Stock\u00e9s Utiliser: TOOLS Type de plastique: PS Charge: 100 kg Techniques: Brillant Style: europe Capacit\u00e9: 21-40 morceaux de bonbons Alpes Mat\u00e9riau: Plastique Quantit\u00e9 de treillis: 1 Produit: Jewelry Box Type: Bo\u00eetes et bacs de rangement Item name: USB Cosmetic Storage Box with Makeup Mirror size: 30*22*29.5 cm weight: 2961g usuage: USB Cosmetic Storage Box with Makeup Mirror<\/p>\n","protected":false},"excerpt":{"rendered":"<p>Bo\u00eete de rangement USB avec miroir de maquillage | Bo\u00eete de rangement de cosm\u00e9tiques, produits de soins de la peau, tiroirs, organisateur de bijoux Portable<\/p>\n","protected":false},"featured_media":2397,"comment_status":"open","ping_status":"closed","template":"","meta":{"om_disable_all_campaigns":false,"_monsterinsights_skip_tracking":false,"_monsterinsights_sitenote_active":false,"_monsterinsights_sitenote_note":"","_monsterinsights_sitenote_category":0,"_uf_show_specific_survey":0,"_uf_disable_surveys":false,"site-sidebar-layout":"default","site-content-layout":"default","ast-site-content-layout":"default","site-content-style":"default","site-sidebar-style":"default","ast-global-header-display":"","ast-banner-title-visibility":"","ast-main-header-display":"","ast-hfb-above-header-display":"","ast-hfb-below-header-display":"","ast-hfb-mobile-header-display":"","site-post-title":"","ast-breadcrumbs-content":"","ast-featured-img":"","footer-sml-layout":"","theme-transparent-header-meta":"default","adv-header-id-meta":"","stick-header-meta":"","header-above-stick-meta":"","header-main-stick-meta":"","header-below-stick-meta":"","astra-migrate-meta-layouts":"set","ast-page-background-enabled":"default","ast-page-background-meta":{"desktop":{"background-color":"","background-image":"","background-repeat":"repeat","background-position":"center center","background-size":"auto","background-attachment":"scroll","background-type":"","background-media":"","overlay-type":"","overlay-color":"","overlay-opacity":"","overlay-gradient":""},"tablet":{"background-color":"","background-image":"","background-repeat":"repeat","background-position":"center center","background-size":"auto","background-attachment":"scroll","background-type":"","background-media":"","overlay-type":"","overlay-color":"","overlay-opacity":"","overlay-gradient":""},"mobile":{"background-color":"","background-image":"","background-repeat":"repeat","background-position":"center center","background-size":"auto","background-attachment":"scroll","background-type":"","background-media":"","overlay-type":"","overlay-color":"","overlay-opacity":"","overlay-gradient":""}},"ast-content-background-meta":{"desktop":{"background-color":"var(--ast-global-color-5)","background-image":"","background-repeat":"repeat","background-position":"center center","background-size":"auto","background-attachment":"scroll","background-type":"","background-media":"","overlay-type":"","overlay-color":"","overlay-opacity":"","overlay-gradient":""},"tablet":{"background-color":"var(--ast-global-color-5)","background-image":"","background-repeat":"repeat","background-position":"center center","background-size":"auto","background-attachment":"scroll","background-type":"","background-media":"","overlay-type":"","overlay-color":"","overlay-opacity":"","overlay-gradient":""},"mobile":{"background-color":"var(--ast-global-color-5)","background-image":"","background-repeat":"repeat","background-position":"center center","background-size":"auto","background-attachment":"scroll","background-type":"","background-media":"","overlay-type":"","overlay-color":"","overlay-opacity":"","overlay-gradient":""}}},"product_brand":[],"product_cat":[25],"product_tag":[],"class_list":{"0":"post-2396","1":"product","2":"type-product","3":"status-publish","4":"has-post-thumbnail","6":"product_cat-organisateur-maquillage","7":"desktop-align-center","8":"tablet-align-center","9":"mobile-align-center","11":"first","12":"instock","13":"sale","14":"shipping-taxable","15":"purchasable","16":"product-type-simple"},"yoast_head":"<!-- This site is optimized with the Yoast SEO plugin v27.5 - https:\/\/yoast.com\/product\/yoast-seo-wordpress\/ -->\n<title>Bo\u00eete de maquillage grande capacit\u00e9 avec porte-bijoux - Organisateur &amp; Rangement<\/title>\n<meta name=\"robots\" content=\"index, follow, max-snippet:-1, max-image-preview:large, max-video-preview:-1\" \/>\n<link rel=\"canonical\" href=\"https:\/\/organisateur-rangement.com\/?product=boite-de-maquillage-grande-capacite-avec-porte-bijoux\" \/>\n<meta property=\"og:locale\" content=\"fr_FR\" \/>\n<meta property=\"og:type\" content=\"article\" \/>\n<meta property=\"og:title\" content=\"Bo\u00eete de maquillage grande capacit\u00e9 avec porte-bijoux - Organisateur &amp; Rangement\" \/>\n<meta property=\"og:description\" content=\"Bo\u00eete de rangement USB avec miroir de maquillage | Bo\u00eete de rangement de cosm\u00e9tiques, produits de soins de la peau, tiroirs, organisateur de bijoux Portable\" \/>\n<meta property=\"og:url\" content=\"https:\/\/organisateur-rangement.com\/?product=boite-de-maquillage-grande-capacite-avec-porte-bijoux\" \/>\n<meta property=\"og:site_name\" content=\"Organisateur &amp; Rangement\" \/>\n<meta property=\"article:modified_time\" content=\"2026-02-23T15:54:56+00:00\" \/>\n<meta property=\"og:image\" content=\"http:\/\/organisateur-rangement.com\/wp-content\/uploads\/2023\/06\/Boite-de-maquillage-grande-capacite-avec-porte-bijoux.jpeg\" \/>\n\t<meta property=\"og:image:width\" content=\"680\" \/>\n\t<meta property=\"og:image:height\" content=\"680\" \/>\n\t<meta property=\"og:image:type\" content=\"image\/jpeg\" \/>\n<meta name=\"twitter:card\" content=\"summary_large_image\" \/>\n<meta name=\"twitter:label1\" content=\"Dur\u00e9e de lecture estim\u00e9e\" \/>\n\t<meta name=\"twitter:data1\" content=\"1 minute\" \/>\n<script type=\"application\/ld+json\" class=\"yoast-schema-graph\">{\"@context\":\"https:\\\/\\\/schema.org\",\"@graph\":[{\"@type\":\"WebPage\",\"@id\":\"https:\\\/\\\/organisateur-rangement.com\\\/?product=boite-de-maquillage-grande-capacite-avec-porte-bijoux\",\"url\":\"https:\\\/\\\/organisateur-rangement.com\\\/?product=boite-de-maquillage-grande-capacite-avec-porte-bijoux\",\"name\":\"Bo\u00eete de maquillage grande capacit\u00e9 avec porte-bijoux - Organisateur &amp; Rangement\",\"isPartOf\":{\"@id\":\"https:\\\/\\\/organisateur-rangement.com\\\/#website\"},\"primaryImageOfPage\":{\"@id\":\"https:\\\/\\\/organisateur-rangement.com\\\/?product=boite-de-maquillage-grande-capacite-avec-porte-bijoux#primaryimage\"},\"image\":{\"@id\":\"https:\\\/\\\/organisateur-rangement.com\\\/?product=boite-de-maquillage-grande-capacite-avec-porte-bijoux#primaryimage\"},\"thumbnailUrl\":\"https:\\\/\\\/organisateur-rangement.com\\\/wp-content\\\/uploads\\\/2023\\\/06\\\/Boite-de-maquillage-grande-capacite-avec-porte-bijoux.jpeg\",\"datePublished\":\"2023-06-02T13:10:33+00:00\",\"dateModified\":\"2026-02-23T15:54:56+00:00\",\"breadcrumb\":{\"@id\":\"https:\\\/\\\/organisateur-rangement.com\\\/?product=boite-de-maquillage-grande-capacite-avec-porte-bijoux#breadcrumb\"},\"inLanguage\":\"fr-FR\",\"potentialAction\":[{\"@type\":\"ReadAction\",\"target\":[\"https:\\\/\\\/organisateur-rangement.com\\\/?product=boite-de-maquillage-grande-capacite-avec-porte-bijoux\"]}]},{\"@type\":\"ImageObject\",\"inLanguage\":\"fr-FR\",\"@id\":\"https:\\\/\\\/organisateur-rangement.com\\\/?product=boite-de-maquillage-grande-capacite-avec-porte-bijoux#primaryimage\",\"url\":\"https:\\\/\\\/organisateur-rangement.com\\\/wp-content\\\/uploads\\\/2023\\\/06\\\/Boite-de-maquillage-grande-capacite-avec-porte-bijoux.jpeg\",\"contentUrl\":\"https:\\\/\\\/organisateur-rangement.com\\\/wp-content\\\/uploads\\\/2023\\\/06\\\/Boite-de-maquillage-grande-capacite-avec-porte-bijoux.jpeg\",\"width\":680,\"height\":680},{\"@type\":\"BreadcrumbList\",\"@id\":\"https:\\\/\\\/organisateur-rangement.com\\\/?product=boite-de-maquillage-grande-capacite-avec-porte-bijoux#breadcrumb\",\"itemListElement\":[{\"@type\":\"ListItem\",\"position\":1,\"name\":\"Accueil\",\"item\":\"https:\\\/\\\/organisateur-rangement.com\\\/\"},{\"@type\":\"ListItem\",\"position\":2,\"name\":\"Shop\",\"item\":\"https:\\\/\\\/organisateur-rangement.com\\\/?page_id=401\"},{\"@type\":\"ListItem\",\"position\":3,\"name\":\"Bo\u00eete de maquillage grande capacit\u00e9 avec porte-bijoux\"}]},{\"@type\":\"WebSite\",\"@id\":\"https:\\\/\\\/organisateur-rangement.com\\\/#website\",\"url\":\"https:\\\/\\\/organisateur-rangement.com\\\/\",\"name\":\"Organisateur & Rangement\",\"description\":\"\",\"publisher\":{\"@id\":\"https:\\\/\\\/organisateur-rangement.com\\\/#organization\"},\"potentialAction\":[{\"@type\":\"SearchAction\",\"target\":{\"@type\":\"EntryPoint\",\"urlTemplate\":\"https:\\\/\\\/organisateur-rangement.com\\\/?s={search_term_string}\"},\"query-input\":{\"@type\":\"PropertyValueSpecification\",\"valueRequired\":true,\"valueName\":\"search_term_string\"}}],\"inLanguage\":\"fr-FR\"},{\"@type\":\"Organization\",\"@id\":\"https:\\\/\\\/organisateur-rangement.com\\\/#organization\",\"name\":\"Organisateur & Rangement\",\"url\":\"https:\\\/\\\/organisateur-rangement.com\\\/\",\"logo\":{\"@type\":\"ImageObject\",\"inLanguage\":\"fr-FR\",\"@id\":\"https:\\\/\\\/organisateur-rangement.com\\\/#\\\/schema\\\/logo\\\/image\\\/\",\"url\":\"https:\\\/\\\/organisateur-rangement.com\\\/wp-content\\\/uploads\\\/2023\\\/06\\\/Black-White-Handwritten-Typography-Logo1-1.png\",\"contentUrl\":\"https:\\\/\\\/organisateur-rangement.com\\\/wp-content\\\/uploads\\\/2023\\\/06\\\/Black-White-Handwritten-Typography-Logo1-1.png\",\"width\":455,\"height\":128,\"caption\":\"Organisateur & Rangement\"},\"image\":{\"@id\":\"https:\\\/\\\/organisateur-rangement.com\\\/#\\\/schema\\\/logo\\\/image\\\/\"}}]}<\/script>\n<!-- \/ Yoast SEO plugin. -->","yoast_head_json":{"title":"Bo\u00eete de maquillage grande capacit\u00e9 avec porte-bijoux - Organisateur &amp; Rangement","robots":{"index":"index","follow":"follow","max-snippet":"max-snippet:-1","max-image-preview":"max-image-preview:large","max-video-preview":"max-video-preview:-1"},"canonical":"https:\/\/organisateur-rangement.com\/?product=boite-de-maquillage-grande-capacite-avec-porte-bijoux","og_locale":"fr_FR","og_type":"article","og_title":"Bo\u00eete de maquillage grande capacit\u00e9 avec porte-bijoux - Organisateur &amp; Rangement","og_description":"Bo\u00eete de rangement USB avec miroir de maquillage | Bo\u00eete de rangement de cosm\u00e9tiques, produits de soins de la peau, tiroirs, organisateur de bijoux Portable","og_url":"https:\/\/organisateur-rangement.com\/?product=boite-de-maquillage-grande-capacite-avec-porte-bijoux","og_site_name":"Organisateur &amp; Rangement","article_modified_time":"2026-02-23T15:54:56+00:00","og_image":[{"width":680,"height":680,"url":"http:\/\/organisateur-rangement.com\/wp-content\/uploads\/2023\/06\/Boite-de-maquillage-grande-capacite-avec-porte-bijoux.jpeg","type":"image\/jpeg"}],"twitter_card":"summary_large_image","twitter_misc":{"Dur\u00e9e de lecture estim\u00e9e":"1 minute"},"schema":{"@context":"https:\/\/schema.org","@graph":[{"@type":"WebPage","@id":"https:\/\/organisateur-rangement.com\/?product=boite-de-maquillage-grande-capacite-avec-porte-bijoux","url":"https:\/\/organisateur-rangement.com\/?product=boite-de-maquillage-grande-capacite-avec-porte-bijoux","name":"Bo\u00eete de maquillage grande capacit\u00e9 avec porte-bijoux - Organisateur &amp; Rangement","isPartOf":{"@id":"https:\/\/organisateur-rangement.com\/#website"},"primaryImageOfPage":{"@id":"https:\/\/organisateur-rangement.com\/?product=boite-de-maquillage-grande-capacite-avec-porte-bijoux#primaryimage"},"image":{"@id":"https:\/\/organisateur-rangement.com\/?product=boite-de-maquillage-grande-capacite-avec-porte-bijoux#primaryimage"},"thumbnailUrl":"https:\/\/organisateur-rangement.com\/wp-content\/uploads\/2023\/06\/Boite-de-maquillage-grande-capacite-avec-porte-bijoux.jpeg","datePublished":"2023-06-02T13:10:33+00:00","dateModified":"2026-02-23T15:54:56+00:00","breadcrumb":{"@id":"https:\/\/organisateur-rangement.com\/?product=boite-de-maquillage-grande-capacite-avec-porte-bijoux#breadcrumb"},"inLanguage":"fr-FR","potentialAction":[{"@type":"ReadAction","target":["https:\/\/organisateur-rangement.com\/?product=boite-de-maquillage-grande-capacite-avec-porte-bijoux"]}]},{"@type":"ImageObject","inLanguage":"fr-FR","@id":"https:\/\/organisateur-rangement.com\/?product=boite-de-maquillage-grande-capacite-avec-porte-bijoux#primaryimage","url":"https:\/\/organisateur-rangement.com\/wp-content\/uploads\/2023\/06\/Boite-de-maquillage-grande-capacite-avec-porte-bijoux.jpeg","contentUrl":"https:\/\/organisateur-rangement.com\/wp-content\/uploads\/2023\/06\/Boite-de-maquillage-grande-capacite-avec-porte-bijoux.jpeg","width":680,"height":680},{"@type":"BreadcrumbList","@id":"https:\/\/organisateur-rangement.com\/?product=boite-de-maquillage-grande-capacite-avec-porte-bijoux#breadcrumb","itemListElement":[{"@type":"ListItem","position":1,"name":"Accueil","item":"https:\/\/organisateur-rangement.com\/"},{"@type":"ListItem","position":2,"name":"Shop","item":"https:\/\/organisateur-rangement.com\/?page_id=401"},{"@type":"ListItem","position":3,"name":"Bo\u00eete de maquillage grande capacit\u00e9 avec porte-bijoux"}]},{"@type":"WebSite","@id":"https:\/\/organisateur-rangement.com\/#website","url":"https:\/\/organisateur-rangement.com\/","name":"Organisateur & Rangement","description":"","publisher":{"@id":"https:\/\/organisateur-rangement.com\/#organization"},"potentialAction":[{"@type":"SearchAction","target":{"@type":"EntryPoint","urlTemplate":"https:\/\/organisateur-rangement.com\/?s={search_term_string}"},"query-input":{"@type":"PropertyValueSpecification","valueRequired":true,"valueName":"search_term_string"}}],"inLanguage":"fr-FR"},{"@type":"Organization","@id":"https:\/\/organisateur-rangement.com\/#organization","name":"Organisateur & Rangement","url":"https:\/\/organisateur-rangement.com\/","logo":{"@type":"ImageObject","inLanguage":"fr-FR","@id":"https:\/\/organisateur-rangement.com\/#\/schema\/logo\/image\/","url":"https:\/\/organisateur-rangement.com\/wp-content\/uploads\/2023\/06\/Black-White-Handwritten-Typography-Logo1-1.png","contentUrl":"https:\/\/organisateur-rangement.com\/wp-content\/uploads\/2023\/06\/Black-White-Handwritten-Typography-Logo1-1.png","width":455,"height":128,"caption":"Organisateur & Rangement"},"image":{"@id":"https:\/\/organisateur-rangement.com\/#\/schema\/logo\/image\/"}}]}},"_links":{"self":[{"href":"https:\/\/organisateur-rangement.com\/index.php?rest_route=\/wp\/v2\/product\/2396","targetHints":{"allow":["GET"]}}],"collection":[{"href":"https:\/\/organisateur-rangement.com\/index.php?rest_route=\/wp\/v2\/product"}],"about":[{"href":"https:\/\/organisateur-rangement.com\/index.php?rest_route=\/wp\/v2\/types\/product"}],"replies":[{"embeddable":true,"href":"https:\/\/organisateur-rangement.com\/index.php?rest_route=%2Fwp%2Fv2%2Fcomments&post=2396"}],"wp:featuredmedia":[{"embeddable":true,"href":"https:\/\/organisateur-rangement.com\/index.php?rest_route=\/wp\/v2\/media\/2397"}],"wp:attachment":[{"href":"https:\/\/organisateur-rangement.com\/index.php?rest_route=%2Fwp%2Fv2%2Fmedia&parent=2396"}],"wp:term":[{"taxonomy":"product_brand","embeddable":true,"href":"https:\/\/organisateur-rangement.com\/index.php?rest_route=%2Fwp%2Fv2%2Fproduct_brand&post=2396"},{"taxonomy":"product_cat","embeddable":true,"href":"https:\/\/organisateur-rangement.com\/index.php?rest_route=%2Fwp%2Fv2%2Fproduct_cat&post=2396"},{"taxonomy":"product_tag","embeddable":true,"href":"https:\/\/organisateur-rangement.com\/index.php?rest_route=%2Fwp%2Fv2%2Fproduct_tag&post=2396"}],"curies":[{"name":"wp","href":"https:\/\/api.w.org\/{rel}","templated":true}]}}