{"id":2386,"date":"2023-06-02T14:49:16","date_gmt":"2023-06-02T12:49:16","guid":{"rendered":"http:\/\/organisateur-rangement.com\/?post_type=product&#038;p=2386"},"modified":"2025-12-24T10:15:08","modified_gmt":"2025-12-24T09:15:08","slug":"rangement-maquillage-avec-miroir","status":"publish","type":"product","link":"https:\/\/organisateur-rangement.com\/?product=rangement-maquillage-avec-miroir","title":{"rendered":"Rangement Maquillage avec miroir"},"content":{"rendered":"<p>Bo\u00eete de rangement pratique: ce pr\u00e9sentoir organis\u00e9 vous aide \u00e0 trier et mettre de l&rsquo;ordre dans vos produits cosm\u00e9tiques ou ustensiles beaut\u00e9. Vous avez donc tous vos pinceaux de maquillage, vernis \u00e0 ongles, mascara r\u00e9unis dans cette tour \u00e0 tiroirs et \u00e0 port\u00e9e de main. Vos produits \u00e9tant rang\u00e9s, il vous est ainsi possible de localiser rapidement les ustensiles ou produits beaut\u00e9s recherch\u00e9s. Ainsi, pinceaux, rouge \u00e0 l\u00e8vres, vernis \u00e0 ongles et mascara sont toujours \u00e0 port\u00e9e de main. Se pr\u00eate aussi id\u00e9alement comme bo\u00eete \u00e0 bijoux: vous pouvez placer vos boucles d&rsquo;oreilles, bagues, colliers ou autres bijoux aux c\u00f4t\u00e9s de vos produits maquillage. Les deux tiroirs offrent assez d&rsquo;espace de rangement. Vitrine pour maquillage et bijoux: entrepos\u00e9s dans cette jolie bo\u00eete transparente, vos bijoux et produits make up sont ainsi toujours visibles. Un pr\u00e9sentoir concentrant ainsi les luninosit\u00e9s scintillantes et notes color\u00e9es de vos bijoux ou produits beaut\u00e9: de quoi se r\u00e9jouir de s&rsquo;appr\u00eater! Organisateur avec de nombreux compartiments: le coffret de rangement &#8211; 16 compartiments et 2 tiroirs &#8211; offre suffisamment de place pour tous les ustensiles de maquillage et bijoux pr\u00e9f\u00e9r\u00e9s. Mat\u00e9riau durable: l\u2019organisateur cosm\u00e9tique mesure 37,5 x 24 x 17 cm et est en acrylique. Ce plastique transparent est particuli\u00e8rement robuste et solide, m\u00eame en pr\u00e9sence d&rsquo;humidit\u00e9.<\/p>\n","protected":false},"excerpt":{"rendered":"<p>Bo\u00eete de Rangement pour Maquillage Make up et Bijoux avec miroir<\/p>\n","protected":false},"featured_media":2387,"comment_status":"open","ping_status":"closed","template":"","meta":{"om_disable_all_campaigns":false,"_monsterinsights_skip_tracking":false,"_monsterinsights_sitenote_active":false,"_monsterinsights_sitenote_note":"","_monsterinsights_sitenote_category":0,"_uf_show_specific_survey":0,"_uf_disable_surveys":false,"site-sidebar-layout":"default","site-content-layout":"default","ast-site-content-layout":"default","site-content-style":"default","site-sidebar-style":"default","ast-global-header-display":"","ast-banner-title-visibility":"","ast-main-header-display":"","ast-hfb-above-header-display":"","ast-hfb-below-header-display":"","ast-hfb-mobile-header-display":"","site-post-title":"","ast-breadcrumbs-content":"","ast-featured-img":"","footer-sml-layout":"","theme-transparent-header-meta":"default","adv-header-id-meta":"","stick-header-meta":"","header-above-stick-meta":"","header-main-stick-meta":"","header-below-stick-meta":"","astra-migrate-meta-layouts":"set","ast-page-background-enabled":"default","ast-page-background-meta":{"desktop":{"background-color":"","background-image":"","background-repeat":"repeat","background-position":"center center","background-size":"auto","background-attachment":"scroll","background-type":"","background-media":"","overlay-type":"","overlay-color":"","overlay-opacity":"","overlay-gradient":""},"tablet":{"background-color":"","background-image":"","background-repeat":"repeat","background-position":"center center","background-size":"auto","background-attachment":"scroll","background-type":"","background-media":"","overlay-type":"","overlay-color":"","overlay-opacity":"","overlay-gradient":""},"mobile":{"background-color":"","background-image":"","background-repeat":"repeat","background-position":"center center","background-size":"auto","background-attachment":"scroll","background-type":"","background-media":"","overlay-type":"","overlay-color":"","overlay-opacity":"","overlay-gradient":""}},"ast-content-background-meta":{"desktop":{"background-color":"var(--ast-global-color-5)","background-image":"","background-repeat":"repeat","background-position":"center center","background-size":"auto","background-attachment":"scroll","background-type":"","background-media":"","overlay-type":"","overlay-color":"","overlay-opacity":"","overlay-gradient":""},"tablet":{"background-color":"var(--ast-global-color-5)","background-image":"","background-repeat":"repeat","background-position":"center center","background-size":"auto","background-attachment":"scroll","background-type":"","background-media":"","overlay-type":"","overlay-color":"","overlay-opacity":"","overlay-gradient":""},"mobile":{"background-color":"var(--ast-global-color-5)","background-image":"","background-repeat":"repeat","background-position":"center center","background-size":"auto","background-attachment":"scroll","background-type":"","background-media":"","overlay-type":"","overlay-color":"","overlay-opacity":"","overlay-gradient":""}}},"product_brand":[],"product_cat":[25],"product_tag":[],"class_list":{"0":"post-2386","1":"product","2":"type-product","3":"status-publish","4":"has-post-thumbnail","6":"product_cat-organisateur-maquillage","7":"desktop-align-center","8":"tablet-align-center","9":"mobile-align-center","11":"first","12":"instock","13":"sale","14":"shipping-taxable","15":"purchasable","16":"product-type-simple"},"yoast_head":"<!-- This site is optimized with the Yoast SEO plugin v27.5 - https:\/\/yoast.com\/product\/yoast-seo-wordpress\/ -->\n<title>Rangement Maquillage avec miroir - Organisateur &amp; Rangement<\/title>\n<meta name=\"robots\" content=\"index, follow, max-snippet:-1, max-image-preview:large, max-video-preview:-1\" \/>\n<link rel=\"canonical\" href=\"https:\/\/organisateur-rangement.com\/?product=rangement-maquillage-avec-miroir\" \/>\n<meta property=\"og:locale\" content=\"fr_FR\" \/>\n<meta property=\"og:type\" content=\"article\" \/>\n<meta property=\"og:title\" content=\"Rangement Maquillage avec miroir - Organisateur &amp; Rangement\" \/>\n<meta property=\"og:description\" content=\"Bo\u00eete de Rangement pour Maquillage Make up et Bijoux avec miroir\" \/>\n<meta property=\"og:url\" content=\"https:\/\/organisateur-rangement.com\/?product=rangement-maquillage-avec-miroir\" \/>\n<meta property=\"og:site_name\" content=\"Organisateur &amp; Rangement\" \/>\n<meta property=\"article:modified_time\" content=\"2025-12-24T09:15:08+00:00\" \/>\n<meta property=\"og:image\" content=\"http:\/\/organisateur-rangement.com\/wp-content\/uploads\/2023\/06\/Rangement-Maquillage-avec-miroir.webp\" \/>\n\t<meta property=\"og:image:width\" content=\"680\" \/>\n\t<meta property=\"og:image:height\" content=\"680\" \/>\n\t<meta property=\"og:image:type\" content=\"image\/webp\" \/>\n<meta name=\"twitter:card\" content=\"summary_large_image\" \/>\n<meta name=\"twitter:label1\" content=\"Dur\u00e9e de lecture estim\u00e9e\" \/>\n\t<meta name=\"twitter:data1\" content=\"2 minutes\" \/>\n<script type=\"application\/ld+json\" class=\"yoast-schema-graph\">{\"@context\":\"https:\\\/\\\/schema.org\",\"@graph\":[{\"@type\":\"WebPage\",\"@id\":\"https:\\\/\\\/organisateur-rangement.com\\\/?product=rangement-maquillage-avec-miroir\",\"url\":\"https:\\\/\\\/organisateur-rangement.com\\\/?product=rangement-maquillage-avec-miroir\",\"name\":\"Rangement Maquillage avec miroir - Organisateur &amp; Rangement\",\"isPartOf\":{\"@id\":\"https:\\\/\\\/organisateur-rangement.com\\\/#website\"},\"primaryImageOfPage\":{\"@id\":\"https:\\\/\\\/organisateur-rangement.com\\\/?product=rangement-maquillage-avec-miroir#primaryimage\"},\"image\":{\"@id\":\"https:\\\/\\\/organisateur-rangement.com\\\/?product=rangement-maquillage-avec-miroir#primaryimage\"},\"thumbnailUrl\":\"https:\\\/\\\/organisateur-rangement.com\\\/wp-content\\\/uploads\\\/2023\\\/06\\\/Rangement-Maquillage-avec-miroir.webp\",\"datePublished\":\"2023-06-02T12:49:16+00:00\",\"dateModified\":\"2025-12-24T09:15:08+00:00\",\"breadcrumb\":{\"@id\":\"https:\\\/\\\/organisateur-rangement.com\\\/?product=rangement-maquillage-avec-miroir#breadcrumb\"},\"inLanguage\":\"fr-FR\",\"potentialAction\":[{\"@type\":\"ReadAction\",\"target\":[\"https:\\\/\\\/organisateur-rangement.com\\\/?product=rangement-maquillage-avec-miroir\"]}]},{\"@type\":\"ImageObject\",\"inLanguage\":\"fr-FR\",\"@id\":\"https:\\\/\\\/organisateur-rangement.com\\\/?product=rangement-maquillage-avec-miroir#primaryimage\",\"url\":\"https:\\\/\\\/organisateur-rangement.com\\\/wp-content\\\/uploads\\\/2023\\\/06\\\/Rangement-Maquillage-avec-miroir.webp\",\"contentUrl\":\"https:\\\/\\\/organisateur-rangement.com\\\/wp-content\\\/uploads\\\/2023\\\/06\\\/Rangement-Maquillage-avec-miroir.webp\",\"width\":680,\"height\":680},{\"@type\":\"BreadcrumbList\",\"@id\":\"https:\\\/\\\/organisateur-rangement.com\\\/?product=rangement-maquillage-avec-miroir#breadcrumb\",\"itemListElement\":[{\"@type\":\"ListItem\",\"position\":1,\"name\":\"Accueil\",\"item\":\"https:\\\/\\\/organisateur-rangement.com\\\/\"},{\"@type\":\"ListItem\",\"position\":2,\"name\":\"Shop\",\"item\":\"https:\\\/\\\/organisateur-rangement.com\\\/?page_id=401\"},{\"@type\":\"ListItem\",\"position\":3,\"name\":\"Rangement Maquillage avec miroir\"}]},{\"@type\":\"WebSite\",\"@id\":\"https:\\\/\\\/organisateur-rangement.com\\\/#website\",\"url\":\"https:\\\/\\\/organisateur-rangement.com\\\/\",\"name\":\"Organisateur & Rangement\",\"description\":\"\",\"publisher\":{\"@id\":\"https:\\\/\\\/organisateur-rangement.com\\\/#organization\"},\"potentialAction\":[{\"@type\":\"SearchAction\",\"target\":{\"@type\":\"EntryPoint\",\"urlTemplate\":\"https:\\\/\\\/organisateur-rangement.com\\\/?s={search_term_string}\"},\"query-input\":{\"@type\":\"PropertyValueSpecification\",\"valueRequired\":true,\"valueName\":\"search_term_string\"}}],\"inLanguage\":\"fr-FR\"},{\"@type\":\"Organization\",\"@id\":\"https:\\\/\\\/organisateur-rangement.com\\\/#organization\",\"name\":\"Organisateur & Rangement\",\"url\":\"https:\\\/\\\/organisateur-rangement.com\\\/\",\"logo\":{\"@type\":\"ImageObject\",\"inLanguage\":\"fr-FR\",\"@id\":\"https:\\\/\\\/organisateur-rangement.com\\\/#\\\/schema\\\/logo\\\/image\\\/\",\"url\":\"https:\\\/\\\/organisateur-rangement.com\\\/wp-content\\\/uploads\\\/2023\\\/06\\\/Black-White-Handwritten-Typography-Logo1-1.png\",\"contentUrl\":\"https:\\\/\\\/organisateur-rangement.com\\\/wp-content\\\/uploads\\\/2023\\\/06\\\/Black-White-Handwritten-Typography-Logo1-1.png\",\"width\":455,\"height\":128,\"caption\":\"Organisateur & Rangement\"},\"image\":{\"@id\":\"https:\\\/\\\/organisateur-rangement.com\\\/#\\\/schema\\\/logo\\\/image\\\/\"}}]}<\/script>\n<!-- \/ Yoast SEO plugin. -->","yoast_head_json":{"title":"Rangement Maquillage avec miroir - Organisateur &amp; Rangement","robots":{"index":"index","follow":"follow","max-snippet":"max-snippet:-1","max-image-preview":"max-image-preview:large","max-video-preview":"max-video-preview:-1"},"canonical":"https:\/\/organisateur-rangement.com\/?product=rangement-maquillage-avec-miroir","og_locale":"fr_FR","og_type":"article","og_title":"Rangement Maquillage avec miroir - Organisateur &amp; Rangement","og_description":"Bo\u00eete de Rangement pour Maquillage Make up et Bijoux avec miroir","og_url":"https:\/\/organisateur-rangement.com\/?product=rangement-maquillage-avec-miroir","og_site_name":"Organisateur &amp; Rangement","article_modified_time":"2025-12-24T09:15:08+00:00","og_image":[{"width":680,"height":680,"url":"http:\/\/organisateur-rangement.com\/wp-content\/uploads\/2023\/06\/Rangement-Maquillage-avec-miroir.webp","type":"image\/webp"}],"twitter_card":"summary_large_image","twitter_misc":{"Dur\u00e9e de lecture estim\u00e9e":"2 minutes"},"schema":{"@context":"https:\/\/schema.org","@graph":[{"@type":"WebPage","@id":"https:\/\/organisateur-rangement.com\/?product=rangement-maquillage-avec-miroir","url":"https:\/\/organisateur-rangement.com\/?product=rangement-maquillage-avec-miroir","name":"Rangement Maquillage avec miroir - Organisateur &amp; Rangement","isPartOf":{"@id":"https:\/\/organisateur-rangement.com\/#website"},"primaryImageOfPage":{"@id":"https:\/\/organisateur-rangement.com\/?product=rangement-maquillage-avec-miroir#primaryimage"},"image":{"@id":"https:\/\/organisateur-rangement.com\/?product=rangement-maquillage-avec-miroir#primaryimage"},"thumbnailUrl":"https:\/\/organisateur-rangement.com\/wp-content\/uploads\/2023\/06\/Rangement-Maquillage-avec-miroir.webp","datePublished":"2023-06-02T12:49:16+00:00","dateModified":"2025-12-24T09:15:08+00:00","breadcrumb":{"@id":"https:\/\/organisateur-rangement.com\/?product=rangement-maquillage-avec-miroir#breadcrumb"},"inLanguage":"fr-FR","potentialAction":[{"@type":"ReadAction","target":["https:\/\/organisateur-rangement.com\/?product=rangement-maquillage-avec-miroir"]}]},{"@type":"ImageObject","inLanguage":"fr-FR","@id":"https:\/\/organisateur-rangement.com\/?product=rangement-maquillage-avec-miroir#primaryimage","url":"https:\/\/organisateur-rangement.com\/wp-content\/uploads\/2023\/06\/Rangement-Maquillage-avec-miroir.webp","contentUrl":"https:\/\/organisateur-rangement.com\/wp-content\/uploads\/2023\/06\/Rangement-Maquillage-avec-miroir.webp","width":680,"height":680},{"@type":"BreadcrumbList","@id":"https:\/\/organisateur-rangement.com\/?product=rangement-maquillage-avec-miroir#breadcrumb","itemListElement":[{"@type":"ListItem","position":1,"name":"Accueil","item":"https:\/\/organisateur-rangement.com\/"},{"@type":"ListItem","position":2,"name":"Shop","item":"https:\/\/organisateur-rangement.com\/?page_id=401"},{"@type":"ListItem","position":3,"name":"Rangement Maquillage avec miroir"}]},{"@type":"WebSite","@id":"https:\/\/organisateur-rangement.com\/#website","url":"https:\/\/organisateur-rangement.com\/","name":"Organisateur & Rangement","description":"","publisher":{"@id":"https:\/\/organisateur-rangement.com\/#organization"},"potentialAction":[{"@type":"SearchAction","target":{"@type":"EntryPoint","urlTemplate":"https:\/\/organisateur-rangement.com\/?s={search_term_string}"},"query-input":{"@type":"PropertyValueSpecification","valueRequired":true,"valueName":"search_term_string"}}],"inLanguage":"fr-FR"},{"@type":"Organization","@id":"https:\/\/organisateur-rangement.com\/#organization","name":"Organisateur & Rangement","url":"https:\/\/organisateur-rangement.com\/","logo":{"@type":"ImageObject","inLanguage":"fr-FR","@id":"https:\/\/organisateur-rangement.com\/#\/schema\/logo\/image\/","url":"https:\/\/organisateur-rangement.com\/wp-content\/uploads\/2023\/06\/Black-White-Handwritten-Typography-Logo1-1.png","contentUrl":"https:\/\/organisateur-rangement.com\/wp-content\/uploads\/2023\/06\/Black-White-Handwritten-Typography-Logo1-1.png","width":455,"height":128,"caption":"Organisateur & Rangement"},"image":{"@id":"https:\/\/organisateur-rangement.com\/#\/schema\/logo\/image\/"}}]}},"_links":{"self":[{"href":"https:\/\/organisateur-rangement.com\/index.php?rest_route=\/wp\/v2\/product\/2386","targetHints":{"allow":["GET"]}}],"collection":[{"href":"https:\/\/organisateur-rangement.com\/index.php?rest_route=\/wp\/v2\/product"}],"about":[{"href":"https:\/\/organisateur-rangement.com\/index.php?rest_route=\/wp\/v2\/types\/product"}],"replies":[{"embeddable":true,"href":"https:\/\/organisateur-rangement.com\/index.php?rest_route=%2Fwp%2Fv2%2Fcomments&post=2386"}],"wp:featuredmedia":[{"embeddable":true,"href":"https:\/\/organisateur-rangement.com\/index.php?rest_route=\/wp\/v2\/media\/2387"}],"wp:attachment":[{"href":"https:\/\/organisateur-rangement.com\/index.php?rest_route=%2Fwp%2Fv2%2Fmedia&parent=2386"}],"wp:term":[{"taxonomy":"product_brand","embeddable":true,"href":"https:\/\/organisateur-rangement.com\/index.php?rest_route=%2Fwp%2Fv2%2Fproduct_brand&post=2386"},{"taxonomy":"product_cat","embeddable":true,"href":"https:\/\/organisateur-rangement.com\/index.php?rest_route=%2Fwp%2Fv2%2Fproduct_cat&post=2386"},{"taxonomy":"product_tag","embeddable":true,"href":"https:\/\/organisateur-rangement.com\/index.php?rest_route=%2Fwp%2Fv2%2Fproduct_tag&post=2386"}],"curies":[{"name":"wp","href":"https:\/\/api.w.org\/{rel}","templated":true}]}}