{"id":2321,"date":"2023-06-02T13:02:13","date_gmt":"2023-06-02T11:02:13","guid":{"rendered":"http:\/\/organisateur-rangement.com\/?post_type=product&#038;p=2321"},"modified":"2025-12-24T10:16:42","modified_gmt":"2025-12-24T09:16:42","slug":"organisateur-noir-360-rotation","status":"publish","type":"product","link":"https:\/\/organisateur-rangement.com\/?product=organisateur-noir-360-rotation","title":{"rendered":"Organisateur noir 360\u00b0 Rotation"},"content":{"rendered":"<p>Mat\u00e9riaux de haute qualit\u00e9: l&rsquo;organisateur de stockage de maquillage est fabriqu\u00e9 en mat\u00e9riau acrylique, qui n&rsquo;est pas facile \u00e0 endommager, durable et durable. Rotation \u00e0 360 degr\u00e9s: ce support de maquillage peut \u00eatre tourn\u00e9 comme vous le souhaitez, ce qui vous aide \u00e0 trouver facilement les cosm\u00e9tiques, le parfum, les bijoux, etc. Lavable: le support de rangement peut \u00eatre d\u00e9mont\u00e9, ce qui est pratique \u00e0 transporter. La forme et la couleur ne changeront pas apr\u00e8s le lavage. Grande capacit\u00e9: l&rsquo;organisateur de maquillage contient 4 plateaux avec 7 couches r\u00e9glables, qui peuvent stocker au moins 30 pinceaux de maquillage, 20 produits de soins de la peau et d&rsquo;autres accessoires, y compris le rouge \u00e0 l\u00e8vres, le vernis \u00e0 ongles, eyeliner et autres produits cosm\u00e9tiques. Large Application: l&rsquo;\u00e9tag\u00e8re de rangement rotative pour cosm\u00e9tiques convient \u00e0 la commode, aux salles de bains, aux chambres \u00e0 coucher, aux cuisines, aux vestiaires, aux tables, aux comptoirs et aux bureaux. C&rsquo;est un bon choix pour les cadeaux de vacances. Sp\u00e9cification: Mat\u00e9riel: acrylique. Couleur: noir, blanc. Dimensions: 11.02&#215;9.45&#215;1.50 pouces. Note: Il pourrait y avoir un peu de distorsion des couleurs en raison de diff\u00e9rentes r\u00e9solutions d&rsquo;ordinateur. Il peut y avoir de l\u00e9g\u00e8res erreurs en raison de mesures manuelles diff\u00e9rentes. Le forfait Comprend: Organisateur de maquillage 1 pi\u00e8ce.<\/p>\n","protected":false},"excerpt":{"rendered":"<p>Organisateur de maquillage BRICOLAGE \u00c9tag\u00e8re R\u00e9glable Grande Capacit\u00e9 Porte-Cosm\u00e9tiques de Soins De La peau Rack De Stockage Chambre Salle De Bain Noir<\/p>\n","protected":false},"featured_media":2322,"comment_status":"open","ping_status":"closed","template":"","meta":{"om_disable_all_campaigns":false,"_monsterinsights_skip_tracking":false,"_monsterinsights_sitenote_active":false,"_monsterinsights_sitenote_note":"","_monsterinsights_sitenote_category":0,"_uf_show_specific_survey":0,"_uf_disable_surveys":false,"site-sidebar-layout":"default","site-content-layout":"default","ast-site-content-layout":"default","site-content-style":"default","site-sidebar-style":"default","ast-global-header-display":"","ast-banner-title-visibility":"","ast-main-header-display":"","ast-hfb-above-header-display":"","ast-hfb-below-header-display":"","ast-hfb-mobile-header-display":"","site-post-title":"","ast-breadcrumbs-content":"","ast-featured-img":"","footer-sml-layout":"","theme-transparent-header-meta":"default","adv-header-id-meta":"","stick-header-meta":"","header-above-stick-meta":"","header-main-stick-meta":"","header-below-stick-meta":"","astra-migrate-meta-layouts":"set","ast-page-background-enabled":"default","ast-page-background-meta":{"desktop":{"background-color":"","background-image":"","background-repeat":"repeat","background-position":"center center","background-size":"auto","background-attachment":"scroll","background-type":"","background-media":"","overlay-type":"","overlay-color":"","overlay-opacity":"","overlay-gradient":""},"tablet":{"background-color":"","background-image":"","background-repeat":"repeat","background-position":"center center","background-size":"auto","background-attachment":"scroll","background-type":"","background-media":"","overlay-type":"","overlay-color":"","overlay-opacity":"","overlay-gradient":""},"mobile":{"background-color":"","background-image":"","background-repeat":"repeat","background-position":"center center","background-size":"auto","background-attachment":"scroll","background-type":"","background-media":"","overlay-type":"","overlay-color":"","overlay-opacity":"","overlay-gradient":""}},"ast-content-background-meta":{"desktop":{"background-color":"var(--ast-global-color-5)","background-image":"","background-repeat":"repeat","background-position":"center center","background-size":"auto","background-attachment":"scroll","background-type":"","background-media":"","overlay-type":"","overlay-color":"","overlay-opacity":"","overlay-gradient":""},"tablet":{"background-color":"var(--ast-global-color-5)","background-image":"","background-repeat":"repeat","background-position":"center center","background-size":"auto","background-attachment":"scroll","background-type":"","background-media":"","overlay-type":"","overlay-color":"","overlay-opacity":"","overlay-gradient":""},"mobile":{"background-color":"var(--ast-global-color-5)","background-image":"","background-repeat":"repeat","background-position":"center center","background-size":"auto","background-attachment":"scroll","background-type":"","background-media":"","overlay-type":"","overlay-color":"","overlay-opacity":"","overlay-gradient":""}}},"product_brand":[],"product_cat":[25],"product_tag":[],"class_list":{"0":"post-2321","1":"product","2":"type-product","3":"status-publish","4":"has-post-thumbnail","6":"product_cat-organisateur-maquillage","7":"desktop-align-center","8":"tablet-align-center","9":"mobile-align-center","11":"first","12":"instock","13":"sale","14":"shipping-taxable","15":"purchasable","16":"product-type-simple"},"yoast_head":"<!-- This site is optimized with the Yoast SEO plugin v27.5 - https:\/\/yoast.com\/product\/yoast-seo-wordpress\/ -->\n<title>Organisateur noir 360\u00b0 Rotation - Organisateur &amp; Rangement<\/title>\n<meta name=\"robots\" content=\"index, follow, max-snippet:-1, max-image-preview:large, max-video-preview:-1\" \/>\n<link rel=\"canonical\" href=\"https:\/\/organisateur-rangement.com\/?product=organisateur-noir-360-rotation\" \/>\n<meta property=\"og:locale\" content=\"fr_FR\" \/>\n<meta property=\"og:type\" content=\"article\" \/>\n<meta property=\"og:title\" content=\"Organisateur noir 360\u00b0 Rotation - Organisateur &amp; Rangement\" \/>\n<meta property=\"og:description\" content=\"Organisateur de maquillage BRICOLAGE \u00c9tag\u00e8re R\u00e9glable Grande Capacit\u00e9 Porte-Cosm\u00e9tiques de Soins De La peau Rack De Stockage Chambre Salle De Bain Noir\" \/>\n<meta property=\"og:url\" content=\"https:\/\/organisateur-rangement.com\/?product=organisateur-noir-360-rotation\" \/>\n<meta property=\"og:site_name\" content=\"Organisateur &amp; Rangement\" \/>\n<meta property=\"article:modified_time\" content=\"2025-12-24T09:16:42+00:00\" \/>\n<meta property=\"og:image\" content=\"http:\/\/organisateur-rangement.com\/wp-content\/uploads\/2023\/06\/Organisateur-noir-360\u00b0-Rotation.jpeg\" \/>\n\t<meta property=\"og:image:width\" content=\"680\" \/>\n\t<meta property=\"og:image:height\" content=\"680\" \/>\n\t<meta property=\"og:image:type\" content=\"image\/jpeg\" \/>\n<meta name=\"twitter:card\" content=\"summary_large_image\" \/>\n<meta name=\"twitter:label1\" content=\"Dur\u00e9e de lecture estim\u00e9e\" \/>\n\t<meta name=\"twitter:data1\" content=\"2 minutes\" \/>\n<script type=\"application\/ld+json\" class=\"yoast-schema-graph\">{\"@context\":\"https:\\\/\\\/schema.org\",\"@graph\":[{\"@type\":\"WebPage\",\"@id\":\"https:\\\/\\\/organisateur-rangement.com\\\/?product=organisateur-noir-360-rotation\",\"url\":\"https:\\\/\\\/organisateur-rangement.com\\\/?product=organisateur-noir-360-rotation\",\"name\":\"Organisateur noir 360\u00b0 Rotation - Organisateur &amp; Rangement\",\"isPartOf\":{\"@id\":\"https:\\\/\\\/organisateur-rangement.com\\\/#website\"},\"primaryImageOfPage\":{\"@id\":\"https:\\\/\\\/organisateur-rangement.com\\\/?product=organisateur-noir-360-rotation#primaryimage\"},\"image\":{\"@id\":\"https:\\\/\\\/organisateur-rangement.com\\\/?product=organisateur-noir-360-rotation#primaryimage\"},\"thumbnailUrl\":\"https:\\\/\\\/organisateur-rangement.com\\\/wp-content\\\/uploads\\\/2023\\\/06\\\/Organisateur-noir-360\u00b0-Rotation.jpeg\",\"datePublished\":\"2023-06-02T11:02:13+00:00\",\"dateModified\":\"2025-12-24T09:16:42+00:00\",\"breadcrumb\":{\"@id\":\"https:\\\/\\\/organisateur-rangement.com\\\/?product=organisateur-noir-360-rotation#breadcrumb\"},\"inLanguage\":\"fr-FR\",\"potentialAction\":[{\"@type\":\"ReadAction\",\"target\":[\"https:\\\/\\\/organisateur-rangement.com\\\/?product=organisateur-noir-360-rotation\"]}]},{\"@type\":\"ImageObject\",\"inLanguage\":\"fr-FR\",\"@id\":\"https:\\\/\\\/organisateur-rangement.com\\\/?product=organisateur-noir-360-rotation#primaryimage\",\"url\":\"https:\\\/\\\/organisateur-rangement.com\\\/wp-content\\\/uploads\\\/2023\\\/06\\\/Organisateur-noir-360\u00b0-Rotation.jpeg\",\"contentUrl\":\"https:\\\/\\\/organisateur-rangement.com\\\/wp-content\\\/uploads\\\/2023\\\/06\\\/Organisateur-noir-360\u00b0-Rotation.jpeg\",\"width\":680,\"height\":680},{\"@type\":\"BreadcrumbList\",\"@id\":\"https:\\\/\\\/organisateur-rangement.com\\\/?product=organisateur-noir-360-rotation#breadcrumb\",\"itemListElement\":[{\"@type\":\"ListItem\",\"position\":1,\"name\":\"Accueil\",\"item\":\"https:\\\/\\\/organisateur-rangement.com\\\/\"},{\"@type\":\"ListItem\",\"position\":2,\"name\":\"Shop\",\"item\":\"https:\\\/\\\/organisateur-rangement.com\\\/?page_id=401\"},{\"@type\":\"ListItem\",\"position\":3,\"name\":\"Organisateur noir 360\u00b0 Rotation\"}]},{\"@type\":\"WebSite\",\"@id\":\"https:\\\/\\\/organisateur-rangement.com\\\/#website\",\"url\":\"https:\\\/\\\/organisateur-rangement.com\\\/\",\"name\":\"Organisateur & Rangement\",\"description\":\"\",\"publisher\":{\"@id\":\"https:\\\/\\\/organisateur-rangement.com\\\/#organization\"},\"potentialAction\":[{\"@type\":\"SearchAction\",\"target\":{\"@type\":\"EntryPoint\",\"urlTemplate\":\"https:\\\/\\\/organisateur-rangement.com\\\/?s={search_term_string}\"},\"query-input\":{\"@type\":\"PropertyValueSpecification\",\"valueRequired\":true,\"valueName\":\"search_term_string\"}}],\"inLanguage\":\"fr-FR\"},{\"@type\":\"Organization\",\"@id\":\"https:\\\/\\\/organisateur-rangement.com\\\/#organization\",\"name\":\"Organisateur & Rangement\",\"url\":\"https:\\\/\\\/organisateur-rangement.com\\\/\",\"logo\":{\"@type\":\"ImageObject\",\"inLanguage\":\"fr-FR\",\"@id\":\"https:\\\/\\\/organisateur-rangement.com\\\/#\\\/schema\\\/logo\\\/image\\\/\",\"url\":\"https:\\\/\\\/organisateur-rangement.com\\\/wp-content\\\/uploads\\\/2023\\\/06\\\/Black-White-Handwritten-Typography-Logo1-1.png\",\"contentUrl\":\"https:\\\/\\\/organisateur-rangement.com\\\/wp-content\\\/uploads\\\/2023\\\/06\\\/Black-White-Handwritten-Typography-Logo1-1.png\",\"width\":455,\"height\":128,\"caption\":\"Organisateur & Rangement\"},\"image\":{\"@id\":\"https:\\\/\\\/organisateur-rangement.com\\\/#\\\/schema\\\/logo\\\/image\\\/\"}}]}<\/script>\n<!-- \/ Yoast SEO plugin. -->","yoast_head_json":{"title":"Organisateur noir 360\u00b0 Rotation - Organisateur &amp; Rangement","robots":{"index":"index","follow":"follow","max-snippet":"max-snippet:-1","max-image-preview":"max-image-preview:large","max-video-preview":"max-video-preview:-1"},"canonical":"https:\/\/organisateur-rangement.com\/?product=organisateur-noir-360-rotation","og_locale":"fr_FR","og_type":"article","og_title":"Organisateur noir 360\u00b0 Rotation - Organisateur &amp; Rangement","og_description":"Organisateur de maquillage BRICOLAGE \u00c9tag\u00e8re R\u00e9glable Grande Capacit\u00e9 Porte-Cosm\u00e9tiques de Soins De La peau Rack De Stockage Chambre Salle De Bain Noir","og_url":"https:\/\/organisateur-rangement.com\/?product=organisateur-noir-360-rotation","og_site_name":"Organisateur &amp; Rangement","article_modified_time":"2025-12-24T09:16:42+00:00","og_image":[{"width":680,"height":680,"url":"http:\/\/organisateur-rangement.com\/wp-content\/uploads\/2023\/06\/Organisateur-noir-360\u00b0-Rotation.jpeg","type":"image\/jpeg"}],"twitter_card":"summary_large_image","twitter_misc":{"Dur\u00e9e de lecture estim\u00e9e":"2 minutes"},"schema":{"@context":"https:\/\/schema.org","@graph":[{"@type":"WebPage","@id":"https:\/\/organisateur-rangement.com\/?product=organisateur-noir-360-rotation","url":"https:\/\/organisateur-rangement.com\/?product=organisateur-noir-360-rotation","name":"Organisateur noir 360\u00b0 Rotation - Organisateur &amp; Rangement","isPartOf":{"@id":"https:\/\/organisateur-rangement.com\/#website"},"primaryImageOfPage":{"@id":"https:\/\/organisateur-rangement.com\/?product=organisateur-noir-360-rotation#primaryimage"},"image":{"@id":"https:\/\/organisateur-rangement.com\/?product=organisateur-noir-360-rotation#primaryimage"},"thumbnailUrl":"https:\/\/organisateur-rangement.com\/wp-content\/uploads\/2023\/06\/Organisateur-noir-360\u00b0-Rotation.jpeg","datePublished":"2023-06-02T11:02:13+00:00","dateModified":"2025-12-24T09:16:42+00:00","breadcrumb":{"@id":"https:\/\/organisateur-rangement.com\/?product=organisateur-noir-360-rotation#breadcrumb"},"inLanguage":"fr-FR","potentialAction":[{"@type":"ReadAction","target":["https:\/\/organisateur-rangement.com\/?product=organisateur-noir-360-rotation"]}]},{"@type":"ImageObject","inLanguage":"fr-FR","@id":"https:\/\/organisateur-rangement.com\/?product=organisateur-noir-360-rotation#primaryimage","url":"https:\/\/organisateur-rangement.com\/wp-content\/uploads\/2023\/06\/Organisateur-noir-360\u00b0-Rotation.jpeg","contentUrl":"https:\/\/organisateur-rangement.com\/wp-content\/uploads\/2023\/06\/Organisateur-noir-360\u00b0-Rotation.jpeg","width":680,"height":680},{"@type":"BreadcrumbList","@id":"https:\/\/organisateur-rangement.com\/?product=organisateur-noir-360-rotation#breadcrumb","itemListElement":[{"@type":"ListItem","position":1,"name":"Accueil","item":"https:\/\/organisateur-rangement.com\/"},{"@type":"ListItem","position":2,"name":"Shop","item":"https:\/\/organisateur-rangement.com\/?page_id=401"},{"@type":"ListItem","position":3,"name":"Organisateur noir 360\u00b0 Rotation"}]},{"@type":"WebSite","@id":"https:\/\/organisateur-rangement.com\/#website","url":"https:\/\/organisateur-rangement.com\/","name":"Organisateur & Rangement","description":"","publisher":{"@id":"https:\/\/organisateur-rangement.com\/#organization"},"potentialAction":[{"@type":"SearchAction","target":{"@type":"EntryPoint","urlTemplate":"https:\/\/organisateur-rangement.com\/?s={search_term_string}"},"query-input":{"@type":"PropertyValueSpecification","valueRequired":true,"valueName":"search_term_string"}}],"inLanguage":"fr-FR"},{"@type":"Organization","@id":"https:\/\/organisateur-rangement.com\/#organization","name":"Organisateur & Rangement","url":"https:\/\/organisateur-rangement.com\/","logo":{"@type":"ImageObject","inLanguage":"fr-FR","@id":"https:\/\/organisateur-rangement.com\/#\/schema\/logo\/image\/","url":"https:\/\/organisateur-rangement.com\/wp-content\/uploads\/2023\/06\/Black-White-Handwritten-Typography-Logo1-1.png","contentUrl":"https:\/\/organisateur-rangement.com\/wp-content\/uploads\/2023\/06\/Black-White-Handwritten-Typography-Logo1-1.png","width":455,"height":128,"caption":"Organisateur & Rangement"},"image":{"@id":"https:\/\/organisateur-rangement.com\/#\/schema\/logo\/image\/"}}]}},"_links":{"self":[{"href":"https:\/\/organisateur-rangement.com\/index.php?rest_route=\/wp\/v2\/product\/2321","targetHints":{"allow":["GET"]}}],"collection":[{"href":"https:\/\/organisateur-rangement.com\/index.php?rest_route=\/wp\/v2\/product"}],"about":[{"href":"https:\/\/organisateur-rangement.com\/index.php?rest_route=\/wp\/v2\/types\/product"}],"replies":[{"embeddable":true,"href":"https:\/\/organisateur-rangement.com\/index.php?rest_route=%2Fwp%2Fv2%2Fcomments&post=2321"}],"wp:featuredmedia":[{"embeddable":true,"href":"https:\/\/organisateur-rangement.com\/index.php?rest_route=\/wp\/v2\/media\/2322"}],"wp:attachment":[{"href":"https:\/\/organisateur-rangement.com\/index.php?rest_route=%2Fwp%2Fv2%2Fmedia&parent=2321"}],"wp:term":[{"taxonomy":"product_brand","embeddable":true,"href":"https:\/\/organisateur-rangement.com\/index.php?rest_route=%2Fwp%2Fv2%2Fproduct_brand&post=2321"},{"taxonomy":"product_cat","embeddable":true,"href":"https:\/\/organisateur-rangement.com\/index.php?rest_route=%2Fwp%2Fv2%2Fproduct_cat&post=2321"},{"taxonomy":"product_tag","embeddable":true,"href":"https:\/\/organisateur-rangement.com\/index.php?rest_route=%2Fwp%2Fv2%2Fproduct_tag&post=2321"}],"curies":[{"name":"wp","href":"https:\/\/api.w.org\/{rel}","templated":true}]}}