{"id":2316,"date":"2023-06-02T12:57:34","date_gmt":"2023-06-02T10:57:34","guid":{"rendered":"http:\/\/organisateur-rangement.com\/?post_type=product&#038;p=2316"},"modified":"2025-12-24T11:03:43","modified_gmt":"2025-12-24T10:03:43","slug":"kit-organisateur-de-maquillage-3-pieces","status":"publish","type":"product","link":"https:\/\/organisateur-rangement.com\/?product=kit-organisateur-de-maquillage-3-pieces","title":{"rendered":"Kit Organisateur de maquillage 3 pi\u00e8ces"},"content":{"rendered":"<p>Pack 3 Pi\u00e8ce: Porte Tampons d\u00e9maquillants de maquillage en coton cylindre transparent + Boite \u00e0 Coton Tiges Transparent + Boite Organisateur Daisy Cosmetics. Aspect Cristal Porte Tampons d\u00e9maquillants de maquillage en coton cylindre transparent 17xcm Dimension : 17cm de hauteur et 6cm de diam\u00e8tre. Mati\u00e8re : PVC avec plexiglas. C&rsquo;est un distributeur de disques d\u00e9maquillants pr\u00eat \u00e0 \u00eatre utilis\u00e9 cl\u00e9 en main. L&rsquo;accessoire peut \u00eatre pos\u00e9 \u00e0 plat pour un style plus tendance dans la salle de bain. C&rsquo;est le mat\u00e9riel indispensable et fonctionnel pour se d\u00e9maquiller le soir et avoir un disque \u00e0 porter de main. C&rsquo;est un rangement fonctionnel et utile au quotidien. Boite \u00e0 Coton Tiges Transparent Dimension : 10,5 x 8,8 x 6,5cm. Mati\u00e8re : PVC acrylique. \u00c9tat : Neuf sous emballage. Un distributeur \u00e0 coton tiges avec un design sobre et \u00e9l\u00e9gant pour agr\u00e9menter votre int\u00e9rieur avec une touche moderne et rafraichissante. L&rsquo;accessoire est dot\u00e9 d&rsquo;un couvercle amovible pour remplir facilement et d&rsquo;un verseur automatique pour \u00e9couler les coton tiges au fur \u00e0 mesure de l&rsquo;\u00e9coulement et du besoin. Le couvercle dispose d&rsquo;une boule pour une parfaite prise en main et la mati\u00e8re acrylique transparente sublime salle de bain et pi\u00e8ce \u00e9clair\u00e9e par son cot\u00e9 brillant. Boite Organisateur Daisy Cosmetics Dimension : 10,5 x 8,8 x 6,5cm. Mati\u00e8re : PVC acrylique. \u00c9tat : Neuf sous emballage. Un distributeur avec un design sobre et \u00e9l\u00e9gant pour agr\u00e9menter votre int\u00e9rieur avec une touche moderne et rafraichissante.<\/p>\n","protected":false},"excerpt":{"rendered":"<p>Pack 3 Pi\u00e8ce: Porte Tampons d\u00e9maquillants + Boite \u00e0 Coton Tiges + Boite Cosmetics.<\/p>\n","protected":false},"featured_media":2317,"comment_status":"open","ping_status":"closed","template":"","meta":{"om_disable_all_campaigns":false,"_monsterinsights_skip_tracking":false,"_monsterinsights_sitenote_active":false,"_monsterinsights_sitenote_note":"","_monsterinsights_sitenote_category":0,"_uf_show_specific_survey":0,"_uf_disable_surveys":false,"site-sidebar-layout":"default","site-content-layout":"default","ast-site-content-layout":"default","site-content-style":"default","site-sidebar-style":"default","ast-global-header-display":"","ast-banner-title-visibility":"","ast-main-header-display":"","ast-hfb-above-header-display":"","ast-hfb-below-header-display":"","ast-hfb-mobile-header-display":"","site-post-title":"","ast-breadcrumbs-content":"","ast-featured-img":"","footer-sml-layout":"","theme-transparent-header-meta":"default","adv-header-id-meta":"","stick-header-meta":"","header-above-stick-meta":"","header-main-stick-meta":"","header-below-stick-meta":"","astra-migrate-meta-layouts":"set","ast-page-background-enabled":"default","ast-page-background-meta":{"desktop":{"background-color":"","background-image":"","background-repeat":"repeat","background-position":"center center","background-size":"auto","background-attachment":"scroll","background-type":"","background-media":"","overlay-type":"","overlay-color":"","overlay-opacity":"","overlay-gradient":""},"tablet":{"background-color":"","background-image":"","background-repeat":"repeat","background-position":"center center","background-size":"auto","background-attachment":"scroll","background-type":"","background-media":"","overlay-type":"","overlay-color":"","overlay-opacity":"","overlay-gradient":""},"mobile":{"background-color":"","background-image":"","background-repeat":"repeat","background-position":"center center","background-size":"auto","background-attachment":"scroll","background-type":"","background-media":"","overlay-type":"","overlay-color":"","overlay-opacity":"","overlay-gradient":""}},"ast-content-background-meta":{"desktop":{"background-color":"var(--ast-global-color-5)","background-image":"","background-repeat":"repeat","background-position":"center center","background-size":"auto","background-attachment":"scroll","background-type":"","background-media":"","overlay-type":"","overlay-color":"","overlay-opacity":"","overlay-gradient":""},"tablet":{"background-color":"var(--ast-global-color-5)","background-image":"","background-repeat":"repeat","background-position":"center center","background-size":"auto","background-attachment":"scroll","background-type":"","background-media":"","overlay-type":"","overlay-color":"","overlay-opacity":"","overlay-gradient":""},"mobile":{"background-color":"var(--ast-global-color-5)","background-image":"","background-repeat":"repeat","background-position":"center center","background-size":"auto","background-attachment":"scroll","background-type":"","background-media":"","overlay-type":"","overlay-color":"","overlay-opacity":"","overlay-gradient":""}}},"product_brand":[],"product_cat":[25],"product_tag":[],"class_list":{"0":"post-2316","1":"product","2":"type-product","3":"status-publish","4":"has-post-thumbnail","6":"product_cat-organisateur-maquillage","7":"desktop-align-center","8":"tablet-align-center","9":"mobile-align-center","11":"first","12":"instock","13":"sale","14":"shipping-taxable","15":"purchasable","16":"product-type-simple"},"yoast_head":"<!-- This site is optimized with the Yoast SEO plugin v27.5 - https:\/\/yoast.com\/product\/yoast-seo-wordpress\/ -->\n<title>Kit Organisateur de maquillage 3 pi\u00e8ces - Organisateur &amp; Rangement<\/title>\n<meta name=\"robots\" content=\"index, follow, max-snippet:-1, max-image-preview:large, max-video-preview:-1\" \/>\n<link rel=\"canonical\" href=\"https:\/\/organisateur-rangement.com\/?product=kit-organisateur-de-maquillage-3-pieces\" \/>\n<meta property=\"og:locale\" content=\"fr_FR\" \/>\n<meta property=\"og:type\" content=\"article\" \/>\n<meta property=\"og:title\" content=\"Kit Organisateur de maquillage 3 pi\u00e8ces - Organisateur &amp; Rangement\" \/>\n<meta property=\"og:description\" content=\"Pack 3 Pi\u00e8ce: Porte Tampons d\u00e9maquillants + Boite \u00e0 Coton Tiges + Boite Cosmetics.\" \/>\n<meta property=\"og:url\" content=\"https:\/\/organisateur-rangement.com\/?product=kit-organisateur-de-maquillage-3-pieces\" \/>\n<meta property=\"og:site_name\" content=\"Organisateur &amp; Rangement\" \/>\n<meta property=\"article:modified_time\" content=\"2025-12-24T10:03:43+00:00\" \/>\n<meta property=\"og:image\" content=\"http:\/\/organisateur-rangement.com\/wp-content\/uploads\/2023\/06\/organisateur3.jpeg\" \/>\n\t<meta property=\"og:image:width\" content=\"680\" \/>\n\t<meta property=\"og:image:height\" content=\"1020\" \/>\n\t<meta property=\"og:image:type\" content=\"image\/jpeg\" \/>\n<meta name=\"twitter:card\" content=\"summary_large_image\" \/>\n<meta name=\"twitter:label1\" content=\"Dur\u00e9e de lecture estim\u00e9e\" \/>\n\t<meta name=\"twitter:data1\" content=\"2 minutes\" \/>\n<script type=\"application\/ld+json\" class=\"yoast-schema-graph\">{\"@context\":\"https:\\\/\\\/schema.org\",\"@graph\":[{\"@type\":\"WebPage\",\"@id\":\"https:\\\/\\\/organisateur-rangement.com\\\/?product=kit-organisateur-de-maquillage-3-pieces\",\"url\":\"https:\\\/\\\/organisateur-rangement.com\\\/?product=kit-organisateur-de-maquillage-3-pieces\",\"name\":\"Kit Organisateur de maquillage 3 pi\u00e8ces - Organisateur &amp; Rangement\",\"isPartOf\":{\"@id\":\"https:\\\/\\\/organisateur-rangement.com\\\/#website\"},\"primaryImageOfPage\":{\"@id\":\"https:\\\/\\\/organisateur-rangement.com\\\/?product=kit-organisateur-de-maquillage-3-pieces#primaryimage\"},\"image\":{\"@id\":\"https:\\\/\\\/organisateur-rangement.com\\\/?product=kit-organisateur-de-maquillage-3-pieces#primaryimage\"},\"thumbnailUrl\":\"https:\\\/\\\/organisateur-rangement.com\\\/wp-content\\\/uploads\\\/2023\\\/06\\\/organisateur3.jpeg\",\"datePublished\":\"2023-06-02T10:57:34+00:00\",\"dateModified\":\"2025-12-24T10:03:43+00:00\",\"breadcrumb\":{\"@id\":\"https:\\\/\\\/organisateur-rangement.com\\\/?product=kit-organisateur-de-maquillage-3-pieces#breadcrumb\"},\"inLanguage\":\"fr-FR\",\"potentialAction\":[{\"@type\":\"ReadAction\",\"target\":[\"https:\\\/\\\/organisateur-rangement.com\\\/?product=kit-organisateur-de-maquillage-3-pieces\"]}]},{\"@type\":\"ImageObject\",\"inLanguage\":\"fr-FR\",\"@id\":\"https:\\\/\\\/organisateur-rangement.com\\\/?product=kit-organisateur-de-maquillage-3-pieces#primaryimage\",\"url\":\"https:\\\/\\\/organisateur-rangement.com\\\/wp-content\\\/uploads\\\/2023\\\/06\\\/organisateur3.jpeg\",\"contentUrl\":\"https:\\\/\\\/organisateur-rangement.com\\\/wp-content\\\/uploads\\\/2023\\\/06\\\/organisateur3.jpeg\",\"width\":680,\"height\":1020},{\"@type\":\"BreadcrumbList\",\"@id\":\"https:\\\/\\\/organisateur-rangement.com\\\/?product=kit-organisateur-de-maquillage-3-pieces#breadcrumb\",\"itemListElement\":[{\"@type\":\"ListItem\",\"position\":1,\"name\":\"Accueil\",\"item\":\"https:\\\/\\\/organisateur-rangement.com\\\/\"},{\"@type\":\"ListItem\",\"position\":2,\"name\":\"Shop\",\"item\":\"https:\\\/\\\/organisateur-rangement.com\\\/?page_id=401\"},{\"@type\":\"ListItem\",\"position\":3,\"name\":\"Kit Organisateur de maquillage 3 pi\u00e8ces\"}]},{\"@type\":\"WebSite\",\"@id\":\"https:\\\/\\\/organisateur-rangement.com\\\/#website\",\"url\":\"https:\\\/\\\/organisateur-rangement.com\\\/\",\"name\":\"Organisateur & Rangement\",\"description\":\"\",\"publisher\":{\"@id\":\"https:\\\/\\\/organisateur-rangement.com\\\/#organization\"},\"potentialAction\":[{\"@type\":\"SearchAction\",\"target\":{\"@type\":\"EntryPoint\",\"urlTemplate\":\"https:\\\/\\\/organisateur-rangement.com\\\/?s={search_term_string}\"},\"query-input\":{\"@type\":\"PropertyValueSpecification\",\"valueRequired\":true,\"valueName\":\"search_term_string\"}}],\"inLanguage\":\"fr-FR\"},{\"@type\":\"Organization\",\"@id\":\"https:\\\/\\\/organisateur-rangement.com\\\/#organization\",\"name\":\"Organisateur & Rangement\",\"url\":\"https:\\\/\\\/organisateur-rangement.com\\\/\",\"logo\":{\"@type\":\"ImageObject\",\"inLanguage\":\"fr-FR\",\"@id\":\"https:\\\/\\\/organisateur-rangement.com\\\/#\\\/schema\\\/logo\\\/image\\\/\",\"url\":\"https:\\\/\\\/organisateur-rangement.com\\\/wp-content\\\/uploads\\\/2023\\\/06\\\/Black-White-Handwritten-Typography-Logo1-1.png\",\"contentUrl\":\"https:\\\/\\\/organisateur-rangement.com\\\/wp-content\\\/uploads\\\/2023\\\/06\\\/Black-White-Handwritten-Typography-Logo1-1.png\",\"width\":455,\"height\":128,\"caption\":\"Organisateur & Rangement\"},\"image\":{\"@id\":\"https:\\\/\\\/organisateur-rangement.com\\\/#\\\/schema\\\/logo\\\/image\\\/\"}}]}<\/script>\n<!-- \/ Yoast SEO plugin. -->","yoast_head_json":{"title":"Kit Organisateur de maquillage 3 pi\u00e8ces - Organisateur &amp; Rangement","robots":{"index":"index","follow":"follow","max-snippet":"max-snippet:-1","max-image-preview":"max-image-preview:large","max-video-preview":"max-video-preview:-1"},"canonical":"https:\/\/organisateur-rangement.com\/?product=kit-organisateur-de-maquillage-3-pieces","og_locale":"fr_FR","og_type":"article","og_title":"Kit Organisateur de maquillage 3 pi\u00e8ces - Organisateur &amp; Rangement","og_description":"Pack 3 Pi\u00e8ce: Porte Tampons d\u00e9maquillants + Boite \u00e0 Coton Tiges + Boite Cosmetics.","og_url":"https:\/\/organisateur-rangement.com\/?product=kit-organisateur-de-maquillage-3-pieces","og_site_name":"Organisateur &amp; Rangement","article_modified_time":"2025-12-24T10:03:43+00:00","og_image":[{"width":680,"height":1020,"url":"http:\/\/organisateur-rangement.com\/wp-content\/uploads\/2023\/06\/organisateur3.jpeg","type":"image\/jpeg"}],"twitter_card":"summary_large_image","twitter_misc":{"Dur\u00e9e de lecture estim\u00e9e":"2 minutes"},"schema":{"@context":"https:\/\/schema.org","@graph":[{"@type":"WebPage","@id":"https:\/\/organisateur-rangement.com\/?product=kit-organisateur-de-maquillage-3-pieces","url":"https:\/\/organisateur-rangement.com\/?product=kit-organisateur-de-maquillage-3-pieces","name":"Kit Organisateur de maquillage 3 pi\u00e8ces - Organisateur &amp; Rangement","isPartOf":{"@id":"https:\/\/organisateur-rangement.com\/#website"},"primaryImageOfPage":{"@id":"https:\/\/organisateur-rangement.com\/?product=kit-organisateur-de-maquillage-3-pieces#primaryimage"},"image":{"@id":"https:\/\/organisateur-rangement.com\/?product=kit-organisateur-de-maquillage-3-pieces#primaryimage"},"thumbnailUrl":"https:\/\/organisateur-rangement.com\/wp-content\/uploads\/2023\/06\/organisateur3.jpeg","datePublished":"2023-06-02T10:57:34+00:00","dateModified":"2025-12-24T10:03:43+00:00","breadcrumb":{"@id":"https:\/\/organisateur-rangement.com\/?product=kit-organisateur-de-maquillage-3-pieces#breadcrumb"},"inLanguage":"fr-FR","potentialAction":[{"@type":"ReadAction","target":["https:\/\/organisateur-rangement.com\/?product=kit-organisateur-de-maquillage-3-pieces"]}]},{"@type":"ImageObject","inLanguage":"fr-FR","@id":"https:\/\/organisateur-rangement.com\/?product=kit-organisateur-de-maquillage-3-pieces#primaryimage","url":"https:\/\/organisateur-rangement.com\/wp-content\/uploads\/2023\/06\/organisateur3.jpeg","contentUrl":"https:\/\/organisateur-rangement.com\/wp-content\/uploads\/2023\/06\/organisateur3.jpeg","width":680,"height":1020},{"@type":"BreadcrumbList","@id":"https:\/\/organisateur-rangement.com\/?product=kit-organisateur-de-maquillage-3-pieces#breadcrumb","itemListElement":[{"@type":"ListItem","position":1,"name":"Accueil","item":"https:\/\/organisateur-rangement.com\/"},{"@type":"ListItem","position":2,"name":"Shop","item":"https:\/\/organisateur-rangement.com\/?page_id=401"},{"@type":"ListItem","position":3,"name":"Kit Organisateur de maquillage 3 pi\u00e8ces"}]},{"@type":"WebSite","@id":"https:\/\/organisateur-rangement.com\/#website","url":"https:\/\/organisateur-rangement.com\/","name":"Organisateur & Rangement","description":"","publisher":{"@id":"https:\/\/organisateur-rangement.com\/#organization"},"potentialAction":[{"@type":"SearchAction","target":{"@type":"EntryPoint","urlTemplate":"https:\/\/organisateur-rangement.com\/?s={search_term_string}"},"query-input":{"@type":"PropertyValueSpecification","valueRequired":true,"valueName":"search_term_string"}}],"inLanguage":"fr-FR"},{"@type":"Organization","@id":"https:\/\/organisateur-rangement.com\/#organization","name":"Organisateur & Rangement","url":"https:\/\/organisateur-rangement.com\/","logo":{"@type":"ImageObject","inLanguage":"fr-FR","@id":"https:\/\/organisateur-rangement.com\/#\/schema\/logo\/image\/","url":"https:\/\/organisateur-rangement.com\/wp-content\/uploads\/2023\/06\/Black-White-Handwritten-Typography-Logo1-1.png","contentUrl":"https:\/\/organisateur-rangement.com\/wp-content\/uploads\/2023\/06\/Black-White-Handwritten-Typography-Logo1-1.png","width":455,"height":128,"caption":"Organisateur & Rangement"},"image":{"@id":"https:\/\/organisateur-rangement.com\/#\/schema\/logo\/image\/"}}]}},"_links":{"self":[{"href":"https:\/\/organisateur-rangement.com\/index.php?rest_route=\/wp\/v2\/product\/2316","targetHints":{"allow":["GET"]}}],"collection":[{"href":"https:\/\/organisateur-rangement.com\/index.php?rest_route=\/wp\/v2\/product"}],"about":[{"href":"https:\/\/organisateur-rangement.com\/index.php?rest_route=\/wp\/v2\/types\/product"}],"replies":[{"embeddable":true,"href":"https:\/\/organisateur-rangement.com\/index.php?rest_route=%2Fwp%2Fv2%2Fcomments&post=2316"}],"wp:featuredmedia":[{"embeddable":true,"href":"https:\/\/organisateur-rangement.com\/index.php?rest_route=\/wp\/v2\/media\/2317"}],"wp:attachment":[{"href":"https:\/\/organisateur-rangement.com\/index.php?rest_route=%2Fwp%2Fv2%2Fmedia&parent=2316"}],"wp:term":[{"taxonomy":"product_brand","embeddable":true,"href":"https:\/\/organisateur-rangement.com\/index.php?rest_route=%2Fwp%2Fv2%2Fproduct_brand&post=2316"},{"taxonomy":"product_cat","embeddable":true,"href":"https:\/\/organisateur-rangement.com\/index.php?rest_route=%2Fwp%2Fv2%2Fproduct_cat&post=2316"},{"taxonomy":"product_tag","embeddable":true,"href":"https:\/\/organisateur-rangement.com\/index.php?rest_route=%2Fwp%2Fv2%2Fproduct_tag&post=2316"}],"curies":[{"name":"wp","href":"https:\/\/api.w.org\/{rel}","templated":true}]}}