{"id":15,"date":"2018-06-18T06:58:10","date_gmt":"2018-06-18T06:58:10","guid":{"rendered":"http:\/\/organisateur-rangement.com\/?page_id=15"},"modified":"2023-06-02T17:49:13","modified_gmt":"2023-06-02T15:49:13","slug":"contact","status":"publish","type":"page","link":"https:\/\/organisateur-rangement.com\/?page_id=15","title":{"rendered":"Contact"},"content":{"rendered":"\t\t<div data-elementor-type=\"wp-post\" data-elementor-id=\"15\" class=\"elementor elementor-15\">\n\t\t\t\t\t\t<section class=\"elementor-section elementor-top-section elementor-element elementor-element-448c62d5 elementor-section-content-middle elementor-section-boxed elementor-section-height-default elementor-section-height-default\" data-id=\"448c62d5\" data-element_type=\"section\" data-e-type=\"section\" data-settings=\"{&quot;background_background&quot;:&quot;gradient&quot;}\">\n\t\t\t\t\t\t\t<div class=\"elementor-background-overlay\"><\/div>\n\t\t\t\t\t\t\t<div class=\"elementor-container elementor-column-gap-default\">\n\t\t\t\t\t<div class=\"elementor-column elementor-col-50 elementor-top-column elementor-element elementor-element-5320b806\" data-id=\"5320b806\" data-element_type=\"column\" data-e-type=\"column\">\n\t\t\t<div class=\"elementor-widget-wrap elementor-element-populated\">\n\t\t\t\t\t\t<div class=\"elementor-element elementor-element-a645ecb elementor-widget elementor-widget-image-box\" data-id=\"a645ecb\" data-element_type=\"widget\" data-e-type=\"widget\" data-widget_type=\"image-box.default\">\n\t\t\t\t<div class=\"elementor-widget-container\">\n\t\t\t\t\t<div class=\"elementor-image-box-wrapper\"><div class=\"elementor-image-box-content\"><h1 class=\"elementor-image-box-title\">Contact.<\/h1><p class=\"elementor-image-box-description\">Si vous avez des questions, des commentaires ou des pr\u00e9occupations, n'h\u00e9sitez pas \u00e0 nous contacter. Nous sommes toujours heureux d'entendre parler de nos clients et nous ferons de notre mieux pour r\u00e9pondre \u00e0 toutes vos demandes dans les plus brefs d\u00e9lais.<\/p><\/div><\/div>\t\t\t\t<\/div>\n\t\t\t\t<\/div>\n\t\t\t\t<div class=\"elementor-element elementor-element-a12e448 elementor-widget-divider--view-line elementor-widget elementor-widget-divider\" data-id=\"a12e448\" data-element_type=\"widget\" data-e-type=\"widget\" data-widget_type=\"divider.default\">\n\t\t\t\t<div class=\"elementor-widget-container\">\n\t\t\t\t\t\t\t<div class=\"elementor-divider\">\n\t\t\t<span class=\"elementor-divider-separator\">\n\t\t\t\t\t\t<\/span>\n\t\t<\/div>\n\t\t\t\t\t\t<\/div>\n\t\t\t\t<\/div>\n\t\t\t\t<div class=\"elementor-element elementor-element-6082c90 elementor-mobile-align-start elementor-icon-list--layout-traditional elementor-list-item-link-full_width elementor-widget elementor-widget-icon-list\" data-id=\"6082c90\" data-element_type=\"widget\" data-e-type=\"widget\" data-widget_type=\"icon-list.default\">\n\t\t\t\t<div class=\"elementor-widget-container\">\n\t\t\t\t\t\t\t<ul class=\"elementor-icon-list-items\">\n\t\t\t\t\t\t\t<li class=\"elementor-icon-list-item\">\n\t\t\t\t\t\t\t\t\t\t\t<span class=\"elementor-icon-list-icon\">\n\t\t\t\t\t\t\t<i aria-hidden=\"true\" class=\"fas fa-envelope\"><\/i>\t\t\t\t\t\t<\/span>\n\t\t\t\t\t\t\t\t\t\t<span class=\"elementor-icon-list-text\">contact@organisateur-rangement.com<\/span>\n\t\t\t\t\t\t\t\t\t<\/li>\n\t\t\t\t\t\t\t\t<li class=\"elementor-icon-list-item\">\n\t\t\t\t\t\t\t\t\t\t\t<span class=\"elementor-icon-list-icon\">\n\t\t\t\t\t\t\t<i aria-hidden=\"true\" class=\"fas fa-phone\"><\/i>\t\t\t\t\t\t<\/span>\n\t\t\t\t\t\t\t\t\t\t<span class=\"elementor-icon-list-text\">+212 674 766 104<\/span>\n\t\t\t\t\t\t\t\t\t<\/li>\n\t\t\t\t\t\t<\/ul>\n\t\t\t\t\t\t<\/div>\n\t\t\t\t<\/div>\n\t\t\t\t\t<\/div>\n\t\t<\/div>\n\t\t\t\t<div class=\"elementor-column elementor-col-50 elementor-top-column elementor-element elementor-element-50777f2\" data-id=\"50777f2\" data-element_type=\"column\" data-e-type=\"column\">\n\t\t\t<div class=\"elementor-widget-wrap elementor-element-populated\">\n\t\t\t\t\t\t<section class=\"elementor-section elementor-inner-section elementor-element elementor-element-9ef3a18 elementor-section-full_width elementor-section-height-default elementor-section-height-default\" data-id=\"9ef3a18\" data-element_type=\"section\" data-e-type=\"section\">\n\t\t\t\t\t\t<div class=\"elementor-container elementor-column-gap-default\">\n\t\t\t\t\t<div class=\"elementor-column elementor-col-100 elementor-inner-column elementor-element elementor-element-157937f\" data-id=\"157937f\" data-element_type=\"column\" data-e-type=\"column\" data-settings=\"{&quot;background_background&quot;:&quot;classic&quot;}\">\n\t\t\t<div class=\"elementor-widget-wrap elementor-element-populated\">\n\t\t\t\t\t\t<div class=\"elementor-element elementor-element-27696a2 elementor-widget elementor-widget-heading\" data-id=\"27696a2\" data-element_type=\"widget\" data-e-type=\"widget\" data-widget_type=\"heading.default\">\n\t\t\t\t<div class=\"elementor-widget-container\">\n\t\t\t\t\t<h3 class=\"elementor-heading-title elementor-size-default\">Message<\/h3>\t\t\t\t<\/div>\n\t\t\t\t<\/div>\n\t\t\t\t<div class=\"elementor-element elementor-element-114b4b9 elementor-widget elementor-widget-shortcode\" data-id=\"114b4b9\" data-element_type=\"widget\" data-e-type=\"widget\" data-widget_type=\"shortcode.default\">\n\t\t\t\t<div class=\"elementor-widget-container\">\n\t\t\t\t\t\t\t<div class=\"elementor-shortcode\"><div class=\"wpforms-container \" id=\"wpforms-8\"><form id=\"wpforms-form-8\" class=\"wpforms-validate wpforms-form\" data-formid=\"8\" method=\"post\" enctype=\"multipart\/form-data\" action=\"\/index.php?rest_route=%2Fwp%2Fv2%2Fpages%2F15\" data-token=\"c0e103cd04203603dffaf708431208d6\" data-token-time=\"1778529339\"><noscript class=\"wpforms-error-noscript\">Veuillez activer JavaScript dans votre navigateur pour remplir ce formulaire.<\/noscript><div class=\"wpforms-field-container\"><div id=\"wpforms-8-field_1-container\" class=\"wpforms-field wpforms-field-email\" data-field-id=\"1\"><label class=\"wpforms-field-label wpforms-label-hide\" for=\"wpforms-8-field_1\">Email <span class=\"wpforms-required-label\">*<\/span><\/label><input type=\"email\" id=\"wpforms-8-field_1\" class=\"wpforms-field-large wpforms-field-required\" name=\"wpforms[fields][1]\" placeholder=\"Votre Email\" spellcheck=\"false\" required><\/div><div id=\"wpforms-8-field_3-container\" class=\"wpforms-field wpforms-field-text\" data-field-id=\"3\"><label class=\"wpforms-field-label wpforms-label-hide\" for=\"wpforms-8-field_3\">Sujet <span class=\"wpforms-required-label\">*<\/span><\/label><input type=\"text\" id=\"wpforms-8-field_3\" class=\"wpforms-field-large wpforms-field-required\" name=\"wpforms[fields][3]\" placeholder=\"Votre sujet\" required><\/div><div id=\"wpforms-8-field_2-container\" class=\"wpforms-field wpforms-field-textarea\" data-field-id=\"2\"><label class=\"wpforms-field-label wpforms-label-hide\" for=\"wpforms-8-field_2\">Message <span class=\"wpforms-required-label\">*<\/span><\/label><textarea id=\"wpforms-8-field_2\" class=\"wpforms-field-medium wpforms-field-required\" name=\"wpforms[fields][2]\" placeholder=\"Message\" required><\/textarea><\/div><\/div><!-- .wpforms-field-container --><div class=\"wpforms-field wpforms-field-hp\"><label for=\"wpforms-8-field-hp\" class=\"wpforms-field-label\">Comment<\/label><input type=\"text\" name=\"wpforms[hp]\" id=\"wpforms-8-field-hp\" class=\"wpforms-field-medium\"><\/div><div class=\"wpforms-submit-container\" ><input type=\"hidden\" name=\"wpforms[id]\" value=\"8\"><input type=\"hidden\" name=\"page_title\" value=\"\"><input type=\"hidden\" name=\"page_url\" value=\"https:\/\/organisateur-rangement.com\/index.php?rest_route=\/wp\/v2\/pages\/15\"><input type=\"hidden\" name=\"url_referer\" value=\"\"><button type=\"submit\" name=\"wpforms[submit]\" id=\"wpforms-submit-8\" class=\"wpforms-submit\" data-alt-text=\"Sending...\" data-submit-text=\"Envoyer Message\" aria-live=\"assertive\" value=\"wpforms-submit\">Envoyer Message<\/button><\/div><\/form><\/div>  <!-- .wpforms-container -->\t<\/div>\n\t\t\t\t\t\t<\/div>\n\t\t\t\t<\/div>\n\t\t\t\t\t<\/div>\n\t\t<\/div>\n\t\t\t\t\t<\/div>\n\t\t<\/section>\n\t\t\t\t\t<\/div>\n\t\t<\/div>\n\t\t\t\t\t<\/div>\n\t\t<\/section>\n\t\t\t\t<\/div>\n\t\t","protected":false},"excerpt":{"rendered":"<p>Contact. Si vous avez des questions, des commentaires ou des pr\u00e9occupations, n&rsquo;h\u00e9sitez pas \u00e0 nous contacter. Nous sommes toujours heureux d&rsquo;entendre parler de nos clients et nous ferons de notre mieux pour r\u00e9pondre \u00e0 toutes vos demandes dans les plus brefs d\u00e9lais. contact@organisateur-rangement.com +212 674 766 104 Message<\/p>\n","protected":false},"author":3,"featured_media":0,"parent":0,"menu_order":0,"comment_status":"closed","ping_status":"closed","template":"","meta":{"om_disable_all_campaigns":false,"_monsterinsights_skip_tracking":false,"_monsterinsights_sitenote_active":false,"_monsterinsights_sitenote_note":"","_monsterinsights_sitenote_category":0,"_uf_show_specific_survey":0,"_uf_disable_surveys":false,"site-sidebar-layout":"no-sidebar","site-content-layout":"page-builder","ast-site-content-layout":"","site-content-style":"default","site-sidebar-style":"default","ast-global-header-display":"","ast-banner-title-visibility":"","ast-main-header-display":"","ast-hfb-above-header-display":"","ast-hfb-below-header-display":"","ast-hfb-mobile-header-display":"","site-post-title":"disabled","ast-breadcrumbs-content":"","ast-featured-img":"disabled","footer-sml-layout":"","theme-transparent-header-meta":"enabled","adv-header-id-meta":"","stick-header-meta":"","header-above-stick-meta":"","header-main-stick-meta":"","header-below-stick-meta":"","astra-migrate-meta-layouts":"default","ast-page-background-enabled":"default","ast-page-background-meta":{"desktop":{"background-color":"","background-image":"","background-repeat":"repeat","background-position":"center center","background-size":"auto","background-attachment":"scroll","background-type":"","background-media":"","overlay-type":"","overlay-color":"","overlay-opacity":"","overlay-gradient":""},"tablet":{"background-color":"","background-image":"","background-repeat":"repeat","background-position":"center center","background-size":"auto","background-attachment":"scroll","background-type":"","background-media":"","overlay-type":"","overlay-color":"","overlay-opacity":"","overlay-gradient":""},"mobile":{"background-color":"","background-image":"","background-repeat":"repeat","background-position":"center center","background-size":"auto","background-attachment":"scroll","background-type":"","background-media":"","overlay-type":"","overlay-color":"","overlay-opacity":"","overlay-gradient":""}},"ast-content-background-meta":{"desktop":{"background-color":"var(--ast-global-color-5)","background-image":"","background-repeat":"repeat","background-position":"center center","background-size":"auto","background-attachment":"scroll","background-type":"","background-media":"","overlay-type":"","overlay-color":"","overlay-opacity":"","overlay-gradient":""},"tablet":{"background-color":"var(--ast-global-color-5)","background-image":"","background-repeat":"repeat","background-position":"center center","background-size":"auto","background-attachment":"scroll","background-type":"","background-media":"","overlay-type":"","overlay-color":"","overlay-opacity":"","overlay-gradient":""},"mobile":{"background-color":"var(--ast-global-color-5)","background-image":"","background-repeat":"repeat","background-position":"center center","background-size":"auto","background-attachment":"scroll","background-type":"","background-media":"","overlay-type":"","overlay-color":"","overlay-opacity":"","overlay-gradient":""}},"footnotes":""},"class_list":["post-15","page","type-page","status-publish","hentry"],"yoast_head":"<!-- This site is optimized with the Yoast SEO plugin v27.5 - https:\/\/yoast.com\/product\/yoast-seo-wordpress\/ -->\n<title>Contact - Organisateur &amp; Rangement<\/title>\n<meta name=\"robots\" content=\"index, follow, max-snippet:-1, max-image-preview:large, max-video-preview:-1\" \/>\n<link rel=\"canonical\" href=\"https:\/\/organisateur-rangement.com\/?page_id=15\" \/>\n<meta property=\"og:locale\" content=\"fr_FR\" \/>\n<meta property=\"og:type\" content=\"article\" \/>\n<meta property=\"og:title\" content=\"Contact - Organisateur &amp; Rangement\" \/>\n<meta property=\"og:description\" content=\"Contact. Si vous avez des questions, des commentaires ou des pr\u00e9occupations, n&rsquo;h\u00e9sitez pas \u00e0 nous contacter. Nous sommes toujours heureux d&rsquo;entendre parler de nos clients et nous ferons de notre mieux pour r\u00e9pondre \u00e0 toutes vos demandes dans les plus brefs d\u00e9lais. contact@organisateur-rangement.com +212 674 766 104 Message\" \/>\n<meta property=\"og:url\" content=\"https:\/\/organisateur-rangement.com\/?page_id=15\" \/>\n<meta property=\"og:site_name\" content=\"Organisateur &amp; Rangement\" \/>\n<meta property=\"article:modified_time\" content=\"2023-06-02T15:49:13+00:00\" \/>\n<meta name=\"twitter:card\" content=\"summary_large_image\" \/>\n<meta name=\"twitter:label1\" content=\"Dur\u00e9e de lecture estim\u00e9e\" \/>\n\t<meta name=\"twitter:data1\" content=\"1 minute\" \/>\n<script type=\"application\/ld+json\" class=\"yoast-schema-graph\">{\"@context\":\"https:\\\/\\\/schema.org\",\"@graph\":[{\"@type\":\"WebPage\",\"@id\":\"https:\\\/\\\/organisateur-rangement.com\\\/?page_id=15\",\"url\":\"https:\\\/\\\/organisateur-rangement.com\\\/?page_id=15\",\"name\":\"Contact - Organisateur &amp; Rangement\",\"isPartOf\":{\"@id\":\"https:\\\/\\\/organisateur-rangement.com\\\/#website\"},\"datePublished\":\"2018-06-18T06:58:10+00:00\",\"dateModified\":\"2023-06-02T15:49:13+00:00\",\"breadcrumb\":{\"@id\":\"https:\\\/\\\/organisateur-rangement.com\\\/?page_id=15#breadcrumb\"},\"inLanguage\":\"fr-FR\",\"potentialAction\":[{\"@type\":\"ReadAction\",\"target\":[\"https:\\\/\\\/organisateur-rangement.com\\\/?page_id=15\"]}]},{\"@type\":\"BreadcrumbList\",\"@id\":\"https:\\\/\\\/organisateur-rangement.com\\\/?page_id=15#breadcrumb\",\"itemListElement\":[{\"@type\":\"ListItem\",\"position\":1,\"name\":\"Accueil\",\"item\":\"https:\\\/\\\/organisateur-rangement.com\\\/\"},{\"@type\":\"ListItem\",\"position\":2,\"name\":\"Contact\"}]},{\"@type\":\"WebSite\",\"@id\":\"https:\\\/\\\/organisateur-rangement.com\\\/#website\",\"url\":\"https:\\\/\\\/organisateur-rangement.com\\\/\",\"name\":\"Organisateur & Rangement\",\"description\":\"\",\"publisher\":{\"@id\":\"https:\\\/\\\/organisateur-rangement.com\\\/#organization\"},\"potentialAction\":[{\"@type\":\"SearchAction\",\"target\":{\"@type\":\"EntryPoint\",\"urlTemplate\":\"https:\\\/\\\/organisateur-rangement.com\\\/?s={search_term_string}\"},\"query-input\":{\"@type\":\"PropertyValueSpecification\",\"valueRequired\":true,\"valueName\":\"search_term_string\"}}],\"inLanguage\":\"fr-FR\"},{\"@type\":\"Organization\",\"@id\":\"https:\\\/\\\/organisateur-rangement.com\\\/#organization\",\"name\":\"Organisateur & Rangement\",\"url\":\"https:\\\/\\\/organisateur-rangement.com\\\/\",\"logo\":{\"@type\":\"ImageObject\",\"inLanguage\":\"fr-FR\",\"@id\":\"https:\\\/\\\/organisateur-rangement.com\\\/#\\\/schema\\\/logo\\\/image\\\/\",\"url\":\"https:\\\/\\\/organisateur-rangement.com\\\/wp-content\\\/uploads\\\/2023\\\/06\\\/Black-White-Handwritten-Typography-Logo1-1.png\",\"contentUrl\":\"https:\\\/\\\/organisateur-rangement.com\\\/wp-content\\\/uploads\\\/2023\\\/06\\\/Black-White-Handwritten-Typography-Logo1-1.png\",\"width\":455,\"height\":128,\"caption\":\"Organisateur & Rangement\"},\"image\":{\"@id\":\"https:\\\/\\\/organisateur-rangement.com\\\/#\\\/schema\\\/logo\\\/image\\\/\"}}]}<\/script>\n<!-- \/ Yoast SEO plugin. -->","yoast_head_json":{"title":"Contact - Organisateur &amp; Rangement","robots":{"index":"index","follow":"follow","max-snippet":"max-snippet:-1","max-image-preview":"max-image-preview:large","max-video-preview":"max-video-preview:-1"},"canonical":"https:\/\/organisateur-rangement.com\/?page_id=15","og_locale":"fr_FR","og_type":"article","og_title":"Contact - Organisateur &amp; Rangement","og_description":"Contact. Si vous avez des questions, des commentaires ou des pr\u00e9occupations, n&rsquo;h\u00e9sitez pas \u00e0 nous contacter. Nous sommes toujours heureux d&rsquo;entendre parler de nos clients et nous ferons de notre mieux pour r\u00e9pondre \u00e0 toutes vos demandes dans les plus brefs d\u00e9lais. contact@organisateur-rangement.com +212 674 766 104 Message","og_url":"https:\/\/organisateur-rangement.com\/?page_id=15","og_site_name":"Organisateur &amp; Rangement","article_modified_time":"2023-06-02T15:49:13+00:00","twitter_card":"summary_large_image","twitter_misc":{"Dur\u00e9e de lecture estim\u00e9e":"1 minute"},"schema":{"@context":"https:\/\/schema.org","@graph":[{"@type":"WebPage","@id":"https:\/\/organisateur-rangement.com\/?page_id=15","url":"https:\/\/organisateur-rangement.com\/?page_id=15","name":"Contact - Organisateur &amp; Rangement","isPartOf":{"@id":"https:\/\/organisateur-rangement.com\/#website"},"datePublished":"2018-06-18T06:58:10+00:00","dateModified":"2023-06-02T15:49:13+00:00","breadcrumb":{"@id":"https:\/\/organisateur-rangement.com\/?page_id=15#breadcrumb"},"inLanguage":"fr-FR","potentialAction":[{"@type":"ReadAction","target":["https:\/\/organisateur-rangement.com\/?page_id=15"]}]},{"@type":"BreadcrumbList","@id":"https:\/\/organisateur-rangement.com\/?page_id=15#breadcrumb","itemListElement":[{"@type":"ListItem","position":1,"name":"Accueil","item":"https:\/\/organisateur-rangement.com\/"},{"@type":"ListItem","position":2,"name":"Contact"}]},{"@type":"WebSite","@id":"https:\/\/organisateur-rangement.com\/#website","url":"https:\/\/organisateur-rangement.com\/","name":"Organisateur & Rangement","description":"","publisher":{"@id":"https:\/\/organisateur-rangement.com\/#organization"},"potentialAction":[{"@type":"SearchAction","target":{"@type":"EntryPoint","urlTemplate":"https:\/\/organisateur-rangement.com\/?s={search_term_string}"},"query-input":{"@type":"PropertyValueSpecification","valueRequired":true,"valueName":"search_term_string"}}],"inLanguage":"fr-FR"},{"@type":"Organization","@id":"https:\/\/organisateur-rangement.com\/#organization","name":"Organisateur & Rangement","url":"https:\/\/organisateur-rangement.com\/","logo":{"@type":"ImageObject","inLanguage":"fr-FR","@id":"https:\/\/organisateur-rangement.com\/#\/schema\/logo\/image\/","url":"https:\/\/organisateur-rangement.com\/wp-content\/uploads\/2023\/06\/Black-White-Handwritten-Typography-Logo1-1.png","contentUrl":"https:\/\/organisateur-rangement.com\/wp-content\/uploads\/2023\/06\/Black-White-Handwritten-Typography-Logo1-1.png","width":455,"height":128,"caption":"Organisateur & Rangement"},"image":{"@id":"https:\/\/organisateur-rangement.com\/#\/schema\/logo\/image\/"}}]}},"_links":{"self":[{"href":"https:\/\/organisateur-rangement.com\/index.php?rest_route=\/wp\/v2\/pages\/15","targetHints":{"allow":["GET"]}}],"collection":[{"href":"https:\/\/organisateur-rangement.com\/index.php?rest_route=\/wp\/v2\/pages"}],"about":[{"href":"https:\/\/organisateur-rangement.com\/index.php?rest_route=\/wp\/v2\/types\/page"}],"author":[{"embeddable":true,"href":"https:\/\/organisateur-rangement.com\/index.php?rest_route=\/wp\/v2\/users\/3"}],"replies":[{"embeddable":true,"href":"https:\/\/organisateur-rangement.com\/index.php?rest_route=%2Fwp%2Fv2%2Fcomments&post=15"}],"version-history":[{"count":10,"href":"https:\/\/organisateur-rangement.com\/index.php?rest_route=\/wp\/v2\/pages\/15\/revisions"}],"predecessor-version":[{"id":2454,"href":"https:\/\/organisateur-rangement.com\/index.php?rest_route=\/wp\/v2\/pages\/15\/revisions\/2454"}],"wp:attachment":[{"href":"https:\/\/organisateur-rangement.com\/index.php?rest_route=%2Fwp%2Fv2%2Fmedia&parent=15"}],"curies":[{"name":"wp","href":"https:\/\/api.w.org\/{rel}","templated":true}]}}